{"id":923,"date":"2018-11-26T20:37:47","date_gmt":"2018-11-26T20:37:47","guid":{"rendered":"http:\/\/www.paenco.cl\/web\/?post_type=product&#038;p=923"},"modified":"2025-02-19T17:28:12","modified_gmt":"2025-02-19T20:28:12","slug":"abri-form-junior-32-unidades","status":"publish","type":"product","link":"https:\/\/www.paenco.cl\/web\/producto\/abri-form-junior-32-unidades\/","title":{"rendered":"Abena Slip Junior XS-2   32 unids. ( 40-60 cms cintura) ( 18-50 kg. aprox. )"},"content":{"rendered":"","protected":false},"excerpt":{"rendered":"<p>Pa\u00f1al dise\u00f1ado para j\u00f3venes de 5 a 15 a\u00f1os<br \/>\n100% de transpirabilidad para una piel sana y una comodidad \u00f3ptima.<br \/>\nN\u00facleo de alto rendimiento con tecnolog\u00eda Top-Dry<br \/>\nEl\u00e1sticos curvados en las piernas para un ajuste \u00f3ptimo.<br \/>\nProtecci\u00f3n contra fugas de 360\u00ba que evita fugas alrededor del<br \/>\nproducto y proporciona un ajuste \u00f3ptimo.<br \/>\nCintura 40 \u2013 60 cm<br \/>\nAbsorci\u00f3n: 1500 ml.<\/p>\n<p>Fabricado en Dinamarca.<\/p>\n","protected":false},"featured_media":40415,"comment_status":"open","ping_status":"closed","template":"","meta":{"om_disable_all_campaigns":false,"_monsterinsights_skip_tracking":false,"_monsterinsights_sitenote_active":false,"_monsterinsights_sitenote_note":"","_monsterinsights_sitenote_category":0},"product_cat":[88,23,51,16,86],"product_tag":[],"aioseo_notices":[],"jetpack_sharing_enabled":true,"_links":{"self":[{"href":"https:\/\/www.paenco.cl\/web\/wp-json\/wp\/v2\/product\/923"}],"collection":[{"href":"https:\/\/www.paenco.cl\/web\/wp-json\/wp\/v2\/product"}],"about":[{"href":"https:\/\/www.paenco.cl\/web\/wp-json\/wp\/v2\/types\/product"}],"replies":[{"embeddable":true,"href":"https:\/\/www.paenco.cl\/web\/wp-json\/wp\/v2\/comments?post=923"}],"wp:featuredmedia":[{"embeddable":true,"href":"https:\/\/www.paenco.cl\/web\/wp-json\/wp\/v2\/media\/40415"}],"wp:attachment":[{"href":"https:\/\/www.paenco.cl\/web\/wp-json\/wp\/v2\/media?parent=923"}],"wp:term":[{"taxonomy":"product_cat","embeddable":true,"href":"https:\/\/www.paenco.cl\/web\/wp-json\/wp\/v2\/product_cat?post=923"},{"taxonomy":"product_tag","embeddable":true,"href":"https:\/\/www.paenco.cl\/web\/wp-json\/wp\/v2\/product_tag?post=923"}],"curies":[{"name":"wp","href":"https:\/\/api.w.org\/{rel}","templated":true}]}}