{"id":809,"date":"2018-06-27T18:07:16","date_gmt":"2018-06-27T18:07:16","guid":{"rendered":"http:\/\/paenco.cl\/web\/?post_type=product&#038;p=809"},"modified":"2025-10-15T18:54:25","modified_gmt":"2025-10-15T21:54:25","slug":"aposito-tena-mujer-mini-con-alas","status":"publish","type":"product","link":"https:\/\/www.paenco.cl\/web\/producto\/aposito-tena-mujer-mini-con-alas\/","title":{"rendered":"Tena Mujer Mini con Alas 10 unids. ( IN76103 )"},"content":{"rendered":"<p>Toalla delgada para peque\u00f1os goteos de orina, con dise\u00f1o anat\u00f3mico, alas y tela no tejida suave y antial\u00e9rgica. Dise\u00f1ada para retener la humedad y evitar los malos olores.<\/p>\n<div class=\"container separator\">\n<div class=\"col-xs-12 col-md-6 single-content\">\n<p><strong>Indicaciones de uso<\/strong><\/p>\n<ul>\n<li>Goteos peque\u00f1os de orina.<\/li>\n<li>Usuarias activas y con movilidad.<\/li>\n<li>Producto femenino.<\/li>\n<\/ul>\n<p><strong>Caracter\u00edsticas<\/strong><\/p>\n<ul>\n<li>Zona de ultra absorbencia avanzada, proporciona mayor sequedad superficial, rapidez y capacidad de absorci\u00f3n.<\/li>\n<li>Sistema antiderrames, canales que direccionan la humedad hacia el centro de la toalla.<\/li>\n<li>Con alas para mayor seguridad.<\/li>\n<li>Empaque individual, pr\u00e1ctico e higi\u00e9nico.<\/li>\n<li>Adhesivo que se fija a la ropa interior.<\/li>\n<li>Control de olor: tecnolog\u00eda TENASORB que te mantiene seca y libre de olores.<\/li>\n<\/ul>\n<p><strong>Especificaciones<\/strong><\/p>\n<p>Tama\u00f1o: 24 cm de largo, 6 mm de ancho.<\/p>\n<\/div>\n<\/div>\n","protected":false},"excerpt":{"rendered":"<p>TENA Mujer Mini te ofrece m\u00e1s absorci\u00f3n que una toalla femenina regular gracias a su gel s\u00faper absorbente, y neutraliza los olores para darte la seguridad que buscas en todo momento.<\/p>\n<p>Su tama\u00f1o y dise\u00f1o femenino te ofrecen gran discreci\u00f3n, ideal para usar con cualquier prenda. Adem\u00e1s, tiene una suave textura tipo tela, con tecnolog\u00eda TENASORB, que dar\u00e1 a tu piel una gran comodidad y te mantendr\u00e1 fresca durante todas tus actividades.<\/p>\n<p>No permitas que nada te frene, disfruta la m\u00e1xima seguridad que solo TENA te puede dar.<\/p>\n","protected":false},"featured_media":40240,"comment_status":"open","ping_status":"closed","template":"","meta":{"om_disable_all_campaigns":false,"_monsterinsights_skip_tracking":false,"_monsterinsights_sitenote_active":false,"_monsterinsights_sitenote_note":"","_monsterinsights_sitenote_category":0},"product_cat":[88,29,24],"product_tag":[],"aioseo_notices":[],"jetpack_sharing_enabled":true,"_links":{"self":[{"href":"https:\/\/www.paenco.cl\/web\/wp-json\/wp\/v2\/product\/809"}],"collection":[{"href":"https:\/\/www.paenco.cl\/web\/wp-json\/wp\/v2\/product"}],"about":[{"href":"https:\/\/www.paenco.cl\/web\/wp-json\/wp\/v2\/types\/product"}],"replies":[{"embeddable":true,"href":"https:\/\/www.paenco.cl\/web\/wp-json\/wp\/v2\/comments?post=809"}],"wp:featuredmedia":[{"embeddable":true,"href":"https:\/\/www.paenco.cl\/web\/wp-json\/wp\/v2\/media\/40240"}],"wp:attachment":[{"href":"https:\/\/www.paenco.cl\/web\/wp-json\/wp\/v2\/media?parent=809"}],"wp:term":[{"taxonomy":"product_cat","embeddable":true,"href":"https:\/\/www.paenco.cl\/web\/wp-json\/wp\/v2\/product_cat?post=809"},{"taxonomy":"product_tag","embeddable":true,"href":"https:\/\/www.paenco.cl\/web\/wp-json\/wp\/v2\/product_tag?post=809"}],"curies":[{"name":"wp","href":"https:\/\/api.w.org\/{rel}","templated":true}]}}