{"id":40549,"date":"2025-12-10T16:15:33","date_gmt":"2025-12-10T19:15:33","guid":{"rendered":"https:\/\/www.paenco.cl\/web\/?post_type=product&#038;p=40549"},"modified":"2025-12-10T16:15:33","modified_gmt":"2025-12-10T19:15:33","slug":"bbtips-etapa-7-de-17-kg","status":"publish","type":"product","link":"https:\/\/www.paenco.cl\/web\/producto\/bbtips-etapa-7-de-17-kg\/","title":{"rendered":"BBtips Etapa 7 \/ + de 17 kg."},"content":{"rendered":"","protected":false},"excerpt":{"rendered":"<p>Para beb\u00e9s grandes. Su nuevo dise\u00f1o m\u00e1s delgado junto con sus suaves laterales y cintura el\u00e1stica permiten un mejor ajuste al cuerpo de tu beb\u00e9 ofreci\u00e9ndole mayor comodidad y libertad de movimiento.<\/p>\n","protected":false},"featured_media":40550,"comment_status":"closed","ping_status":"closed","template":"","meta":{"om_disable_all_campaigns":false,"_monsterinsights_skip_tracking":false,"_monsterinsights_sitenote_active":false,"_monsterinsights_sitenote_note":"","_monsterinsights_sitenote_category":0},"product_cat":[88,13,9],"product_tag":[],"aioseo_notices":[],"jetpack_sharing_enabled":true,"_links":{"self":[{"href":"https:\/\/www.paenco.cl\/web\/wp-json\/wp\/v2\/product\/40549"}],"collection":[{"href":"https:\/\/www.paenco.cl\/web\/wp-json\/wp\/v2\/product"}],"about":[{"href":"https:\/\/www.paenco.cl\/web\/wp-json\/wp\/v2\/types\/product"}],"replies":[{"embeddable":true,"href":"https:\/\/www.paenco.cl\/web\/wp-json\/wp\/v2\/comments?post=40549"}],"wp:featuredmedia":[{"embeddable":true,"href":"https:\/\/www.paenco.cl\/web\/wp-json\/wp\/v2\/media\/40550"}],"wp:attachment":[{"href":"https:\/\/www.paenco.cl\/web\/wp-json\/wp\/v2\/media?parent=40549"}],"wp:term":[{"taxonomy":"product_cat","embeddable":true,"href":"https:\/\/www.paenco.cl\/web\/wp-json\/wp\/v2\/product_cat?post=40549"},{"taxonomy":"product_tag","embeddable":true,"href":"https:\/\/www.paenco.cl\/web\/wp-json\/wp\/v2\/product_tag?post=40549"}],"curies":[{"name":"wp","href":"https:\/\/api.w.org\/{rel}","templated":true}]}}