{"id":40545,"date":"2025-12-10T15:55:40","date_gmt":"2025-12-10T18:55:40","guid":{"rendered":"https:\/\/www.paenco.cl\/web\/?post_type=product&#038;p=40545"},"modified":"2025-12-10T15:55:40","modified_gmt":"2025-12-10T18:55:40","slug":"bbtips-etapa-5-11-14-kg","status":"publish","type":"product","link":"https:\/\/www.paenco.cl\/web\/producto\/bbtips-etapa-5-11-14-kg\/","title":{"rendered":"BBtips Etapa 5 \/ 11-14 Kg."},"content":{"rendered":"","protected":false},"excerpt":{"rendered":"<p>Para los que est\u00e1n aprendiendo a caminar. Sus nuevos materiales extra suaves reducen la posibilidad de fricci\u00f3n en el \u00e1rea del pa\u00f1al, protegiendo as\u00ed la delicada piel de tu beb\u00e9. Adem\u00e1s, su \u00fanica f\u00f3rmula Proderm ayuda a prevenir las rozaduras, y sus suaves laterales y cintura el\u00e1stica permiten un mejor ajuste al cuerpo de tu beb\u00e9 ofreci\u00e9ndole mayor comodidad y libertad de movimiento.<\/p>\n","protected":false},"featured_media":40546,"comment_status":"closed","ping_status":"closed","template":"","meta":{"om_disable_all_campaigns":false,"_monsterinsights_skip_tracking":false,"_monsterinsights_sitenote_active":false,"_monsterinsights_sitenote_note":"","_monsterinsights_sitenote_category":0},"product_cat":[88,13,9],"product_tag":[],"aioseo_notices":[],"jetpack_sharing_enabled":true,"_links":{"self":[{"href":"https:\/\/www.paenco.cl\/web\/wp-json\/wp\/v2\/product\/40545"}],"collection":[{"href":"https:\/\/www.paenco.cl\/web\/wp-json\/wp\/v2\/product"}],"about":[{"href":"https:\/\/www.paenco.cl\/web\/wp-json\/wp\/v2\/types\/product"}],"replies":[{"embeddable":true,"href":"https:\/\/www.paenco.cl\/web\/wp-json\/wp\/v2\/comments?post=40545"}],"wp:featuredmedia":[{"embeddable":true,"href":"https:\/\/www.paenco.cl\/web\/wp-json\/wp\/v2\/media\/40546"}],"wp:attachment":[{"href":"https:\/\/www.paenco.cl\/web\/wp-json\/wp\/v2\/media?parent=40545"}],"wp:term":[{"taxonomy":"product_cat","embeddable":true,"href":"https:\/\/www.paenco.cl\/web\/wp-json\/wp\/v2\/product_cat?post=40545"},{"taxonomy":"product_tag","embeddable":true,"href":"https:\/\/www.paenco.cl\/web\/wp-json\/wp\/v2\/product_tag?post=40545"}],"curies":[{"name":"wp","href":"https:\/\/api.w.org\/{rel}","templated":true}]}}