{"id":40521,"date":"2025-10-18T13:26:51","date_gmt":"2025-10-18T16:26:51","guid":{"rendered":"https:\/\/www.paenco.cl\/web\/?post_type=product&#038;p=40521"},"modified":"2025-10-18T13:26:51","modified_gmt":"2025-10-18T16:26:51","slug":"emumed-premium-talla-m-20-unids-manga-bolson-x-3-paquetes","status":"publish","type":"product","link":"https:\/\/www.paenco.cl\/web\/producto\/emumed-premium-talla-m-20-unids-manga-bolson-x-3-paquetes\/","title":{"rendered":"Emumed Premium talla M 20 unids. Manga bols\u00f3n x 3 paquetes."},"content":{"rendered":"","protected":false},"excerpt":{"rendered":"<p>Emumed Pa\u00f1ales desechables para adulto\u00a0<strong>talla mediana<\/strong>, ancho cintura\u00a0<strong>70-120 cm<\/strong>,\u00a0<strong>hasta 75 kg<\/strong>. Dise\u00f1ados para p\u00e9rdidas abundantes de orina, con un gel s\u00faper absorbente y tela respirable.<\/p>\n","protected":false},"featured_media":40522,"comment_status":"closed","ping_status":"closed","template":"","meta":{"om_disable_all_campaigns":false,"_monsterinsights_skip_tracking":false,"_monsterinsights_sitenote_active":false,"_monsterinsights_sitenote_note":"","_monsterinsights_sitenote_category":0},"product_cat":[88,109,16],"product_tag":[],"aioseo_notices":[],"jetpack_sharing_enabled":true,"_links":{"self":[{"href":"https:\/\/www.paenco.cl\/web\/wp-json\/wp\/v2\/product\/40521"}],"collection":[{"href":"https:\/\/www.paenco.cl\/web\/wp-json\/wp\/v2\/product"}],"about":[{"href":"https:\/\/www.paenco.cl\/web\/wp-json\/wp\/v2\/types\/product"}],"replies":[{"embeddable":true,"href":"https:\/\/www.paenco.cl\/web\/wp-json\/wp\/v2\/comments?post=40521"}],"wp:featuredmedia":[{"embeddable":true,"href":"https:\/\/www.paenco.cl\/web\/wp-json\/wp\/v2\/media\/40522"}],"wp:attachment":[{"href":"https:\/\/www.paenco.cl\/web\/wp-json\/wp\/v2\/media?parent=40521"}],"wp:term":[{"taxonomy":"product_cat","embeddable":true,"href":"https:\/\/www.paenco.cl\/web\/wp-json\/wp\/v2\/product_cat?post=40521"},{"taxonomy":"product_tag","embeddable":true,"href":"https:\/\/www.paenco.cl\/web\/wp-json\/wp\/v2\/product_tag?post=40521"}],"curies":[{"name":"wp","href":"https:\/\/api.w.org\/{rel}","templated":true}]}}