{"id":40514,"date":"2025-10-18T12:50:28","date_gmt":"2025-10-18T15:50:28","guid":{"rendered":"https:\/\/www.paenco.cl\/web\/?post_type=product&#038;p=40514"},"modified":"2025-10-18T12:50:29","modified_gmt":"2025-10-18T15:50:29","slug":"emumed-pants-talla-m-18-unidades-calzon-manga-bolson-x-4-paquetes","status":"publish","type":"product","link":"https:\/\/www.paenco.cl\/web\/producto\/emumed-pants-talla-m-18-unidades-calzon-manga-bolson-x-4-paquetes\/","title":{"rendered":"Emumed Pants talla M 18 unidades ( Calz\u00f3n ). Manga bols\u00f3n x 4 paquetes."},"content":{"rendered":"","protected":false},"excerpt":{"rendered":"<p>Ropa interior desechable para adulto Emumed Pants\u00a0<strong>talla mediano<\/strong>, ancho\u00a0<strong>cintura 70-120 cm, hasta 75 kg<\/strong>. Dise\u00f1ados para una m\u00e1xima protecci\u00f3n en caso de fuertes p\u00e9rdidas de orina, con n\u00facleo de gel s\u00faper absorbente, tela respirable y control de olores.<\/p>\n","protected":false},"featured_media":40515,"comment_status":"closed","ping_status":"closed","template":"","meta":{"om_disable_all_campaigns":false,"_monsterinsights_skip_tracking":false,"_monsterinsights_sitenote_active":false,"_monsterinsights_sitenote_note":"","_monsterinsights_sitenote_category":0},"product_cat":[88,109,16],"product_tag":[],"aioseo_notices":[],"jetpack_sharing_enabled":true,"_links":{"self":[{"href":"https:\/\/www.paenco.cl\/web\/wp-json\/wp\/v2\/product\/40514"}],"collection":[{"href":"https:\/\/www.paenco.cl\/web\/wp-json\/wp\/v2\/product"}],"about":[{"href":"https:\/\/www.paenco.cl\/web\/wp-json\/wp\/v2\/types\/product"}],"replies":[{"embeddable":true,"href":"https:\/\/www.paenco.cl\/web\/wp-json\/wp\/v2\/comments?post=40514"}],"wp:featuredmedia":[{"embeddable":true,"href":"https:\/\/www.paenco.cl\/web\/wp-json\/wp\/v2\/media\/40515"}],"wp:attachment":[{"href":"https:\/\/www.paenco.cl\/web\/wp-json\/wp\/v2\/media?parent=40514"}],"wp:term":[{"taxonomy":"product_cat","embeddable":true,"href":"https:\/\/www.paenco.cl\/web\/wp-json\/wp\/v2\/product_cat?post=40514"},{"taxonomy":"product_tag","embeddable":true,"href":"https:\/\/www.paenco.cl\/web\/wp-json\/wp\/v2\/product_tag?post=40514"}],"curies":[{"name":"wp","href":"https:\/\/api.w.org\/{rel}","templated":true}]}}