{"id":40512,"date":"2025-10-18T12:10:58","date_gmt":"2025-10-18T15:10:58","guid":{"rendered":"https:\/\/www.paenco.cl\/web\/?post_type=product&#038;p=40512"},"modified":"2025-10-18T12:17:56","modified_gmt":"2025-10-18T15:17:56","slug":"sabanilla-higieclin-10-unids-manga-bolson-x-8-paquetes","status":"publish","type":"product","link":"https:\/\/www.paenco.cl\/web\/producto\/sabanilla-higieclin-10-unids-manga-bolson-x-8-paquetes\/","title":{"rendered":"Sabanillas Higieclin con gel 60 x 90 cms. 10 unids. Manga bols\u00f3n x 8 paquetes."},"content":{"rendered":"","protected":false},"excerpt":{"rendered":"<p data-start=\"287\" data-end=\"563\">La sabanilla desechable Higieclin est\u00e1 dise\u00f1ada para brindar una barrera eficaz contra l\u00edquidos y contaminantes, ofreciendo m\u00e1xima higiene y confort en camas, camillas, sillas de ruedas y otras superficies. Ideal para uso en entornos cl\u00ednicos, institucionales y domiciliarios.<\/p>\n","protected":false},"featured_media":40513,"comment_status":"closed","ping_status":"closed","template":"","meta":{"om_disable_all_campaigns":false,"_monsterinsights_skip_tracking":false,"_monsterinsights_sitenote_active":false,"_monsterinsights_sitenote_note":"","_monsterinsights_sitenote_category":0},"product_cat":[88,27,26],"product_tag":[],"aioseo_notices":[],"jetpack_sharing_enabled":true,"_links":{"self":[{"href":"https:\/\/www.paenco.cl\/web\/wp-json\/wp\/v2\/product\/40512"}],"collection":[{"href":"https:\/\/www.paenco.cl\/web\/wp-json\/wp\/v2\/product"}],"about":[{"href":"https:\/\/www.paenco.cl\/web\/wp-json\/wp\/v2\/types\/product"}],"replies":[{"embeddable":true,"href":"https:\/\/www.paenco.cl\/web\/wp-json\/wp\/v2\/comments?post=40512"}],"wp:featuredmedia":[{"embeddable":true,"href":"https:\/\/www.paenco.cl\/web\/wp-json\/wp\/v2\/media\/40513"}],"wp:attachment":[{"href":"https:\/\/www.paenco.cl\/web\/wp-json\/wp\/v2\/media?parent=40512"}],"wp:term":[{"taxonomy":"product_cat","embeddable":true,"href":"https:\/\/www.paenco.cl\/web\/wp-json\/wp\/v2\/product_cat?post=40512"},{"taxonomy":"product_tag","embeddable":true,"href":"https:\/\/www.paenco.cl\/web\/wp-json\/wp\/v2\/product_tag?post=40512"}],"curies":[{"name":"wp","href":"https:\/\/api.w.org\/{rel}","templated":true}]}}