{"id":40504,"date":"2025-10-17T13:33:16","date_gmt":"2025-10-17T16:33:16","guid":{"rendered":"https:\/\/www.paenco.cl\/web\/?post_type=product&#038;p=40504"},"modified":"2025-10-17T13:36:01","modified_gmt":"2025-10-17T16:36:01","slug":"win-plus-pants-m16-unids-manga-bolson-x-3-paquetes","status":"publish","type":"product","link":"https:\/\/www.paenco.cl\/web\/producto\/win-plus-pants-m16-unids-manga-bolson-x-3-paquetes\/","title":{"rendered":"Win Plus Pants talla M 16 unids. Manga bols\u00f3n x 3 paquetes."},"content":{"rendered":"","protected":false},"excerpt":{"rendered":"<p>WIN PLUS PANTS Es Un pa\u00f1al dise\u00f1ado para la comodidad diaria, con cubierta externa tipo tela que permite m\u00e1xima protecci\u00f3n y discreci\u00f3n, manteniendo la piel seca y protegida por m\u00e1s tiempo para Cualquier actividad diaria, con gel absorbente, barreras anti desbordes para mayor seguridad y cintura el\u00e1stica para mayor comodidad.<\/p>\n<p>Talla M<\/p>\n<p>Cintura de 70 a 104 cm.<\/p>\n","protected":false},"featured_media":40507,"comment_status":"closed","ping_status":"closed","template":"","meta":{"om_disable_all_campaigns":false,"_monsterinsights_skip_tracking":false,"_monsterinsights_sitenote_active":false,"_monsterinsights_sitenote_note":"","_monsterinsights_sitenote_category":0},"product_cat":[88,16,93],"product_tag":[],"aioseo_notices":[],"jetpack_sharing_enabled":true,"_links":{"self":[{"href":"https:\/\/www.paenco.cl\/web\/wp-json\/wp\/v2\/product\/40504"}],"collection":[{"href":"https:\/\/www.paenco.cl\/web\/wp-json\/wp\/v2\/product"}],"about":[{"href":"https:\/\/www.paenco.cl\/web\/wp-json\/wp\/v2\/types\/product"}],"replies":[{"embeddable":true,"href":"https:\/\/www.paenco.cl\/web\/wp-json\/wp\/v2\/comments?post=40504"}],"wp:featuredmedia":[{"embeddable":true,"href":"https:\/\/www.paenco.cl\/web\/wp-json\/wp\/v2\/media\/40507"}],"wp:attachment":[{"href":"https:\/\/www.paenco.cl\/web\/wp-json\/wp\/v2\/media?parent=40504"}],"wp:term":[{"taxonomy":"product_cat","embeddable":true,"href":"https:\/\/www.paenco.cl\/web\/wp-json\/wp\/v2\/product_cat?post=40504"},{"taxonomy":"product_tag","embeddable":true,"href":"https:\/\/www.paenco.cl\/web\/wp-json\/wp\/v2\/product_tag?post=40504"}],"curies":[{"name":"wp","href":"https:\/\/api.w.org\/{rel}","templated":true}]}}