{"id":40435,"date":"2025-05-22T13:26:50","date_gmt":"2025-05-22T17:26:50","guid":{"rendered":"https:\/\/www.paenco.cl\/web\/?post_type=product&#038;p=40435"},"modified":"2025-05-22T13:26:51","modified_gmt":"2025-05-22T17:26:51","slug":"abena-man-premium-special-23-unids","status":"publish","type":"product","link":"https:\/\/www.paenco.cl\/web\/producto\/abena-man-premium-special-23-unids\/","title":{"rendered":"Abena Man Premium Special 23 unids."},"content":{"rendered":"","protected":false},"excerpt":{"rendered":"<p>ABENA Man Special est\u00e1 dise\u00f1ado espec\u00edficamente para adaptarse a la anatom\u00eda masculina, absorci\u00f3n 2800 ml.<\/p>\n<p>El producto est\u00e1 destinado a casos de incontinencia moderada a intensa, pero tambi\u00e9n ofrece una soluci\u00f3n segura para el uso nocturno.<\/p>\n<p>ABENA Man est\u00e1 fabricado con un material no tejido de alta calidad que ofrece un extra de suavidad y comodidad. El producto, dermatol\u00f3gicamente probado, incluye la tecnolog\u00eda Top-Dry, que garantiza la integridad de la piel y un cuidado \u00f3ptimo de la misma al mantener el \u00e1rea expuesta c\u00f3moda y seca incluso despu\u00e9s de m\u00faltiples micciones.<br \/>\nLas almohadillas totalmente transpirables y de forma anat\u00f3mica mantienen la piel sana y ofrecen un mejor ajuste.<br \/>\nTodos los productos est\u00e1n equipados con un sistema de barrera \u00fanico con bolsillos incorporados para una protecci\u00f3n adicional para que puedas sentirte completamente seguro en todo momento.<br \/>\nAdem\u00e1s, el sistema de control de olores minimiza los olores desagradables. Nuestros productos dermatol\u00f3gicamente probados han recibido la etiqueta ecol\u00f3gica NordicSwan.<\/p>\n<p>N\u00facleo de alto rendimiento con tecnolog\u00eda Top-Dry para una r\u00e1pida absorci\u00f3n y superficie seca.<br \/>\nSistema de barrera \u00fanico para protecci\u00f3n adicional.<br \/>\nSupersuave para una comodidad \u00f3ptima.<br \/>\n100 % transpirabilidad que permite el equilibrio saludable de la piel.<\/p>\n","protected":false},"featured_media":40436,"comment_status":"closed","ping_status":"closed","template":"","meta":{"om_disable_all_campaigns":false,"_monsterinsights_skip_tracking":false,"_monsterinsights_sitenote_active":false,"_monsterinsights_sitenote_note":"","_monsterinsights_sitenote_category":0},"product_cat":[88,29,26],"product_tag":[],"aioseo_notices":[],"jetpack_sharing_enabled":true,"_links":{"self":[{"href":"https:\/\/www.paenco.cl\/web\/wp-json\/wp\/v2\/product\/40435"}],"collection":[{"href":"https:\/\/www.paenco.cl\/web\/wp-json\/wp\/v2\/product"}],"about":[{"href":"https:\/\/www.paenco.cl\/web\/wp-json\/wp\/v2\/types\/product"}],"replies":[{"embeddable":true,"href":"https:\/\/www.paenco.cl\/web\/wp-json\/wp\/v2\/comments?post=40435"}],"wp:featuredmedia":[{"embeddable":true,"href":"https:\/\/www.paenco.cl\/web\/wp-json\/wp\/v2\/media\/40436"}],"wp:attachment":[{"href":"https:\/\/www.paenco.cl\/web\/wp-json\/wp\/v2\/media?parent=40435"}],"wp:term":[{"taxonomy":"product_cat","embeddable":true,"href":"https:\/\/www.paenco.cl\/web\/wp-json\/wp\/v2\/product_cat?post=40435"},{"taxonomy":"product_tag","embeddable":true,"href":"https:\/\/www.paenco.cl\/web\/wp-json\/wp\/v2\/product_tag?post=40435"}],"curies":[{"name":"wp","href":"https:\/\/api.w.org\/{rel}","templated":true}]}}