{"id":40397,"date":"2025-01-23T12:44:18","date_gmt":"2025-01-23T15:44:18","guid":{"rendered":"https:\/\/www.paenco.cl\/web\/?post_type=product&#038;p=40397"},"modified":"2026-05-04T13:43:00","modified_gmt":"2026-05-04T17:43:00","slug":"plenitud-aposito-leve-20-unids","status":"publish","type":"product","link":"https:\/\/www.paenco.cl\/web\/producto\/plenitud-aposito-leve-20-unids\/","title":{"rendered":"Plenitud Ap\u00f3sito Leve 20 unids."},"content":{"rendered":"","protected":false},"excerpt":{"rendered":"<p>El ap\u00f3sito Plenitud posee una delicada cubierta con Aloe Vera para mayor cuidado de la piel. Adem\u00e1s cuenta con la tecnolog\u00eda Block Gel que absorbe y gelatiniza los l\u00edquidos.<\/p>\n","protected":false},"featured_media":40398,"comment_status":"closed","ping_status":"closed","template":"","meta":{"om_disable_all_campaigns":false,"_monsterinsights_skip_tracking":false,"_monsterinsights_sitenote_active":false,"_monsterinsights_sitenote_note":"","_monsterinsights_sitenote_category":0},"product_cat":[88,29,26],"product_tag":[],"aioseo_notices":[],"jetpack_sharing_enabled":true,"_links":{"self":[{"href":"https:\/\/www.paenco.cl\/web\/wp-json\/wp\/v2\/product\/40397"}],"collection":[{"href":"https:\/\/www.paenco.cl\/web\/wp-json\/wp\/v2\/product"}],"about":[{"href":"https:\/\/www.paenco.cl\/web\/wp-json\/wp\/v2\/types\/product"}],"replies":[{"embeddable":true,"href":"https:\/\/www.paenco.cl\/web\/wp-json\/wp\/v2\/comments?post=40397"}],"wp:featuredmedia":[{"embeddable":true,"href":"https:\/\/www.paenco.cl\/web\/wp-json\/wp\/v2\/media\/40398"}],"wp:attachment":[{"href":"https:\/\/www.paenco.cl\/web\/wp-json\/wp\/v2\/media?parent=40397"}],"wp:term":[{"taxonomy":"product_cat","embeddable":true,"href":"https:\/\/www.paenco.cl\/web\/wp-json\/wp\/v2\/product_cat?post=40397"},{"taxonomy":"product_tag","embeddable":true,"href":"https:\/\/www.paenco.cl\/web\/wp-json\/wp\/v2\/product_tag?post=40397"}],"curies":[{"name":"wp","href":"https:\/\/api.w.org\/{rel}","templated":true}]}}