{"id":40395,"date":"2025-01-20T17:19:38","date_gmt":"2025-01-20T20:19:38","guid":{"rendered":"https:\/\/www.paenco.cl\/web\/?post_type=product&#038;p=40395"},"modified":"2025-10-15T18:35:12","modified_gmt":"2025-10-15T21:35:12","slug":"tena-pants-ultra-protect-g-30-unids","status":"publish","type":"product","link":"https:\/\/www.paenco.cl\/web\/producto\/tena-pants-ultra-protect-g-30-unids\/","title":{"rendered":"Tena Pants Ultra Protect G 30 unids."},"content":{"rendered":"","protected":false},"excerpt":{"rendered":"<p>Ropa interior absorbente para hombres y mujeres activos con incontinencia fuerte. Similar a un pa\u00f1al desechable que se ve y se siente como ropa interior. Con extracto de algod\u00f3n que proporciona suavidad a la piel, evitando irritaciones. Con Tecnolog\u00eda Pro Skin: componentes que cuidan y protegen la piel de los adultos y tecnolog\u00eda TENASORB que distribuye la orina r\u00e1pidamente manteniendo la piel libre de humedad.<\/p>\n<p>Presentaci\u00f3n<\/p>\n<p>Talla G<br \/>\nMedidas 100 a 135 cm.<\/p>\n","protected":false},"featured_media":40495,"comment_status":"closed","ping_status":"closed","template":"","meta":{"om_disable_all_campaigns":false,"_monsterinsights_skip_tracking":false,"_monsterinsights_sitenote_active":false,"_monsterinsights_sitenote_note":"","_monsterinsights_sitenote_category":0},"product_cat":[88,16,24],"product_tag":[],"aioseo_notices":[],"jetpack_sharing_enabled":true,"_links":{"self":[{"href":"https:\/\/www.paenco.cl\/web\/wp-json\/wp\/v2\/product\/40395"}],"collection":[{"href":"https:\/\/www.paenco.cl\/web\/wp-json\/wp\/v2\/product"}],"about":[{"href":"https:\/\/www.paenco.cl\/web\/wp-json\/wp\/v2\/types\/product"}],"replies":[{"embeddable":true,"href":"https:\/\/www.paenco.cl\/web\/wp-json\/wp\/v2\/comments?post=40395"}],"wp:featuredmedia":[{"embeddable":true,"href":"https:\/\/www.paenco.cl\/web\/wp-json\/wp\/v2\/media\/40495"}],"wp:attachment":[{"href":"https:\/\/www.paenco.cl\/web\/wp-json\/wp\/v2\/media?parent=40395"}],"wp:term":[{"taxonomy":"product_cat","embeddable":true,"href":"https:\/\/www.paenco.cl\/web\/wp-json\/wp\/v2\/product_cat?post=40395"},{"taxonomy":"product_tag","embeddable":true,"href":"https:\/\/www.paenco.cl\/web\/wp-json\/wp\/v2\/product_tag?post=40395"}],"curies":[{"name":"wp","href":"https:\/\/api.w.org\/{rel}","templated":true}]}}