{"id":40325,"date":"2024-11-25T19:48:38","date_gmt":"2024-11-25T22:48:38","guid":{"rendered":"https:\/\/www.paenco.cl\/web\/?post_type=product&#038;p=40325"},"modified":"2025-06-12T10:36:12","modified_gmt":"2025-06-12T14:36:12","slug":"abri-flex-xs-2-junior","status":"publish","type":"product","link":"https:\/\/www.paenco.cl\/web\/producto\/abri-flex-xs-2-junior\/","title":{"rendered":"Abri Flex XS 2 JUNIOR  Cintura 55 &#8211; 80 cm ( Tipo calz\u00f3n )"},"content":{"rendered":"","protected":false},"excerpt":{"rendered":"<p>Cintura 55-80 cm<\/p>\n<p>Color: blanco, con estampado<\/p>\n<p>Total transpirabilidad que garantiza el confort diario y una piel sana.<\/p>\n<p>Ajuste \u00f3ptimo con paneles laterales el\u00e1sticos s\u00faper suaves.<\/p>\n<p>Absorci\u00f3n r\u00e1pida y sensaci\u00f3n de sequedad con un sistema de canales especialmente dise\u00f1ado.<\/p>\n<p>Seguridad contra fugas con n\u00facleos estrechos y barreras altas perfectamente adecuadas para j\u00f3venes.<\/p>\n<p>Indicador de humedad con escala de graduaci\u00f3n<\/p>\n<p>Absorci\u00f3n: 1 500 ml.<\/p>\n<p>Abri-Flex Junior XS2 es nuestro pants pull-up premium dise\u00f1ado para j\u00f3venes con una micci\u00f3n r\u00e1pida y descontrolada y que de otra manera se encontrar\u00edan entre pa\u00f1ales para beb\u00e9s y productos para adultos. El producto totalmente transpirable ofrece un n\u00facleo estrecho y paneles laterales el\u00e1sticos super suaves para un ajuste \u00f3ptimo que se adapta perfectamente a los j\u00f3venes. El sistema de canales especialmente dise\u00f1ado junto con la subcapa Top-Dry ofrece una r\u00e1pida absorci\u00f3n y sensaci\u00f3n de sequedad. Est\u00e1 dise\u00f1ado para parecerse m\u00e1s a la ropa interior ordinaria con una l\u00e1mina posterior impresa similar a un textil.<\/p>\n<p>Nota: La raz\u00f3n por la que Abri Flex Junior (55-80 cm \u2013 pull up) tiene una l\u00ednea de cadera m\u00e1s grande que Abri Form Junior (40-60cm con cintas) es que est\u00e1n dise\u00f1ados para dos grupos objetivo diferentes.<\/p>\n<p>\u00b7 Pull ups para ni\u00f1os activos con una constituci\u00f3n regular<\/p>\n<p>\u00b7 Pa\u00f1ales con cinta para discapacitados f\u00edsicos que a menudo tienen una l\u00ednea de cadera m\u00e1s peque\u00f1a.<\/p>\n","protected":false},"featured_media":40326,"comment_status":"closed","ping_status":"closed","template":"","meta":{"om_disable_all_campaigns":false,"_monsterinsights_skip_tracking":false,"_monsterinsights_sitenote_active":false,"_monsterinsights_sitenote_note":"","_monsterinsights_sitenote_category":0},"product_cat":[88,51,16,86],"product_tag":[],"aioseo_notices":[],"jetpack_sharing_enabled":true,"_links":{"self":[{"href":"https:\/\/www.paenco.cl\/web\/wp-json\/wp\/v2\/product\/40325"}],"collection":[{"href":"https:\/\/www.paenco.cl\/web\/wp-json\/wp\/v2\/product"}],"about":[{"href":"https:\/\/www.paenco.cl\/web\/wp-json\/wp\/v2\/types\/product"}],"replies":[{"embeddable":true,"href":"https:\/\/www.paenco.cl\/web\/wp-json\/wp\/v2\/comments?post=40325"}],"wp:featuredmedia":[{"embeddable":true,"href":"https:\/\/www.paenco.cl\/web\/wp-json\/wp\/v2\/media\/40326"}],"wp:attachment":[{"href":"https:\/\/www.paenco.cl\/web\/wp-json\/wp\/v2\/media?parent=40325"}],"wp:term":[{"taxonomy":"product_cat","embeddable":true,"href":"https:\/\/www.paenco.cl\/web\/wp-json\/wp\/v2\/product_cat?post=40325"},{"taxonomy":"product_tag","embeddable":true,"href":"https:\/\/www.paenco.cl\/web\/wp-json\/wp\/v2\/product_tag?post=40325"}],"curies":[{"name":"wp","href":"https:\/\/api.w.org\/{rel}","templated":true}]}}