{"id":40305,"date":"2024-10-19T13:04:08","date_gmt":"2024-10-19T16:04:08","guid":{"rendered":"https:\/\/www.paenco.cl\/web\/?post_type=product&#038;p=40305"},"modified":"2024-11-09T12:56:41","modified_gmt":"2024-11-09T15:56:41","slug":"cotidian-lady-toalla-super-28-unids","status":"publish","type":"product","link":"https:\/\/www.paenco.cl\/web\/producto\/cotidian-lady-toalla-super-28-unids\/","title":{"rendered":"Cotidian Lady Toalla Super 28 unids."},"content":{"rendered":"","protected":false},"excerpt":{"rendered":"<p>Toallas femeninas para p\u00e9rdidas de orina leves. Con una nueva forma anat\u00f3mica, n\u00facleo de r\u00e1pida absorci\u00f3n y control de olores. Cubierta interior y barreras antidesbordes extra suaves. Podr\u00e1s sentirte segura y protegida todo el d\u00eda.<\/p>\n","protected":false},"featured_media":40306,"comment_status":"closed","ping_status":"closed","template":"","meta":{"om_disable_all_campaigns":false,"_monsterinsights_skip_tracking":false,"_monsterinsights_sitenote_active":false,"_monsterinsights_sitenote_note":"","_monsterinsights_sitenote_category":0},"product_cat":[88,20,16],"product_tag":[],"aioseo_notices":[],"jetpack_sharing_enabled":true,"_links":{"self":[{"href":"https:\/\/www.paenco.cl\/web\/wp-json\/wp\/v2\/product\/40305"}],"collection":[{"href":"https:\/\/www.paenco.cl\/web\/wp-json\/wp\/v2\/product"}],"about":[{"href":"https:\/\/www.paenco.cl\/web\/wp-json\/wp\/v2\/types\/product"}],"replies":[{"embeddable":true,"href":"https:\/\/www.paenco.cl\/web\/wp-json\/wp\/v2\/comments?post=40305"}],"wp:featuredmedia":[{"embeddable":true,"href":"https:\/\/www.paenco.cl\/web\/wp-json\/wp\/v2\/media\/40306"}],"wp:attachment":[{"href":"https:\/\/www.paenco.cl\/web\/wp-json\/wp\/v2\/media?parent=40305"}],"wp:term":[{"taxonomy":"product_cat","embeddable":true,"href":"https:\/\/www.paenco.cl\/web\/wp-json\/wp\/v2\/product_cat?post=40305"},{"taxonomy":"product_tag","embeddable":true,"href":"https:\/\/www.paenco.cl\/web\/wp-json\/wp\/v2\/product_tag?post=40305"}],"curies":[{"name":"wp","href":"https:\/\/api.w.org\/{rel}","templated":true}]}}