{"id":40303,"date":"2024-10-19T12:21:50","date_gmt":"2024-10-19T15:21:50","guid":{"rendered":"https:\/\/www.paenco.cl\/web\/?post_type=product&#038;p=40303"},"modified":"2025-07-29T15:09:13","modified_gmt":"2025-07-29T19:09:13","slug":"cotidian-lady-toalla-maxi","status":"publish","type":"product","link":"https:\/\/www.paenco.cl\/web\/producto\/cotidian-lady-toalla-maxi\/","title":{"rendered":"Cotidian Lady Toalla Maxi 28 unids."},"content":{"rendered":"","protected":false},"excerpt":{"rendered":"<p>Toallas femeninas para p\u00e9rdidas de orina leves. Con una nueva forma anat\u00f3mica, m\u00e1s largas, con n\u00facleo de r\u00e1pida absorci\u00f3n y control de olores. Cubierta interior y barreras antidesbordes extra suaves. Podr\u00e1s sentirte segura y protegida todo el d\u00eda.<br role=\"presentation\" data-uw-rm-sr=\"\" \/><br role=\"presentation\" data-uw-rm-sr=\"\" \/>5 cms de mayor protecci\u00f3n comparado con la toalla Cotidian Lady S\u00faper.<\/p>\n","protected":false},"featured_media":40304,"comment_status":"closed","ping_status":"closed","template":"","meta":{"om_disable_all_campaigns":false,"_monsterinsights_skip_tracking":false,"_monsterinsights_sitenote_active":false,"_monsterinsights_sitenote_note":"","_monsterinsights_sitenote_category":0},"product_cat":[88,20,16],"product_tag":[],"aioseo_notices":[],"jetpack_sharing_enabled":true,"_links":{"self":[{"href":"https:\/\/www.paenco.cl\/web\/wp-json\/wp\/v2\/product\/40303"}],"collection":[{"href":"https:\/\/www.paenco.cl\/web\/wp-json\/wp\/v2\/product"}],"about":[{"href":"https:\/\/www.paenco.cl\/web\/wp-json\/wp\/v2\/types\/product"}],"replies":[{"embeddable":true,"href":"https:\/\/www.paenco.cl\/web\/wp-json\/wp\/v2\/comments?post=40303"}],"wp:featuredmedia":[{"embeddable":true,"href":"https:\/\/www.paenco.cl\/web\/wp-json\/wp\/v2\/media\/40304"}],"wp:attachment":[{"href":"https:\/\/www.paenco.cl\/web\/wp-json\/wp\/v2\/media?parent=40303"}],"wp:term":[{"taxonomy":"product_cat","embeddable":true,"href":"https:\/\/www.paenco.cl\/web\/wp-json\/wp\/v2\/product_cat?post=40303"},{"taxonomy":"product_tag","embeddable":true,"href":"https:\/\/www.paenco.cl\/web\/wp-json\/wp\/v2\/product_tag?post=40303"}],"curies":[{"name":"wp","href":"https:\/\/api.w.org\/{rel}","templated":true}]}}