{"id":40301,"date":"2024-10-19T12:13:30","date_gmt":"2024-10-19T15:13:30","guid":{"rendered":"https:\/\/www.paenco.cl\/web\/?post_type=product&#038;p=40301"},"modified":"2024-11-09T13:13:12","modified_gmt":"2024-11-09T16:13:12","slug":"cotidian-pants-nocturno-g-xg-8-unids","status":"publish","type":"product","link":"https:\/\/www.paenco.cl\/web\/producto\/cotidian-pants-nocturno-g-xg-8-unids\/","title":{"rendered":"Cotidian Pants Nocturno G\/XG 8 unids."},"content":{"rendered":"","protected":false},"excerpt":{"rendered":"<p>Ropa interior desechable para incontinencia fuerte,<strong> talla Grande \/ Extra Grande<\/strong> cintura <strong>100 a 130 cm<\/strong>. Cotidian Pants Nocturno brinda ajuste y comodidad al dormir, dise\u00f1o similar a la ropa interior, tiene absorci\u00f3n superior, cubierta exterior tipo tela, cintura el\u00e1stica, barreras antidesbordes y suaviza olores.<\/p>\n","protected":false},"featured_media":40302,"comment_status":"closed","ping_status":"closed","template":"","meta":{"om_disable_all_campaigns":false,"_monsterinsights_skip_tracking":false,"_monsterinsights_sitenote_active":false,"_monsterinsights_sitenote_note":"","_monsterinsights_sitenote_category":0},"product_cat":[88,20,16],"product_tag":[],"aioseo_notices":[],"jetpack_sharing_enabled":true,"_links":{"self":[{"href":"https:\/\/www.paenco.cl\/web\/wp-json\/wp\/v2\/product\/40301"}],"collection":[{"href":"https:\/\/www.paenco.cl\/web\/wp-json\/wp\/v2\/product"}],"about":[{"href":"https:\/\/www.paenco.cl\/web\/wp-json\/wp\/v2\/types\/product"}],"replies":[{"embeddable":true,"href":"https:\/\/www.paenco.cl\/web\/wp-json\/wp\/v2\/comments?post=40301"}],"wp:featuredmedia":[{"embeddable":true,"href":"https:\/\/www.paenco.cl\/web\/wp-json\/wp\/v2\/media\/40302"}],"wp:attachment":[{"href":"https:\/\/www.paenco.cl\/web\/wp-json\/wp\/v2\/media?parent=40301"}],"wp:term":[{"taxonomy":"product_cat","embeddable":true,"href":"https:\/\/www.paenco.cl\/web\/wp-json\/wp\/v2\/product_cat?post=40301"},{"taxonomy":"product_tag","embeddable":true,"href":"https:\/\/www.paenco.cl\/web\/wp-json\/wp\/v2\/product_tag?post=40301"}],"curies":[{"name":"wp","href":"https:\/\/api.w.org\/{rel}","templated":true}]}}