{"id":26769,"date":"2023-05-04T18:51:29","date_gmt":"2023-05-04T22:51:29","guid":{"rendered":"https:\/\/www.paenco.cl\/web\/?post_type=product&#038;p=26769"},"modified":"2025-09-06T14:35:22","modified_gmt":"2025-09-06T18:35:22","slug":"goodnites-talla-l-xl-11-unids","status":"publish","type":"product","link":"https:\/\/www.paenco.cl\/web\/producto\/goodnites-talla-l-xl-11-unids\/","title":{"rendered":"Goodnites talla L-XL 11 unids."},"content":{"rendered":"","protected":false},"excerpt":{"rendered":"<p>Ropa interior desechable Goodnites talla L \/ XL, de 7 a 11 a\u00f1os, peso de 27 a 57 kg. Dise\u00f1ados para la hora de dormir, con 5 capas de protecci\u00f3n y barreras anti-filtraciones.<\/p>\n","protected":false},"featured_media":26770,"comment_status":"open","ping_status":"closed","template":"","meta":{"om_disable_all_campaigns":false,"_monsterinsights_skip_tracking":false,"_monsterinsights_sitenote_active":false,"_monsterinsights_sitenote_note":"","_monsterinsights_sitenote_category":0},"product_cat":[88,112,9],"product_tag":[],"aioseo_notices":[],"jetpack_sharing_enabled":true,"_links":{"self":[{"href":"https:\/\/www.paenco.cl\/web\/wp-json\/wp\/v2\/product\/26769"}],"collection":[{"href":"https:\/\/www.paenco.cl\/web\/wp-json\/wp\/v2\/product"}],"about":[{"href":"https:\/\/www.paenco.cl\/web\/wp-json\/wp\/v2\/types\/product"}],"replies":[{"embeddable":true,"href":"https:\/\/www.paenco.cl\/web\/wp-json\/wp\/v2\/comments?post=26769"}],"wp:featuredmedia":[{"embeddable":true,"href":"https:\/\/www.paenco.cl\/web\/wp-json\/wp\/v2\/media\/26770"}],"wp:attachment":[{"href":"https:\/\/www.paenco.cl\/web\/wp-json\/wp\/v2\/media?parent=26769"}],"wp:term":[{"taxonomy":"product_cat","embeddable":true,"href":"https:\/\/www.paenco.cl\/web\/wp-json\/wp\/v2\/product_cat?post=26769"},{"taxonomy":"product_tag","embeddable":true,"href":"https:\/\/www.paenco.cl\/web\/wp-json\/wp\/v2\/product_tag?post=26769"}],"curies":[{"name":"wp","href":"https:\/\/api.w.org\/{rel}","templated":true}]}}