{"id":265,"date":"2016-06-16T04:58:05","date_gmt":"2016-06-16T04:58:05","guid":{"rendered":"http:\/\/paenco.cl\/web\/producto\/alcohol-isopropilico-900-ml\/"},"modified":"2024-11-26T13:00:23","modified_gmt":"2024-11-26T16:00:23","slug":"alcohol-isopropilico-900-ml","status":"publish","type":"product","link":"https:\/\/www.paenco.cl\/web\/producto\/alcohol-isopropilico-900-ml\/","title":{"rendered":"Alcohol Isopropilico 1 lt."},"content":{"rendered":"<p>Alcohol Isopropilico 900 cc.<\/p>\n<p>&nbsp;<\/p>\n","protected":false},"excerpt":{"rendered":"<h3 class=\"fusion-woocommerce-tab-title fusion-responsive-typography-calculated\" data-fontsize=\"18\" data-lineheight=\"25.2px\">Descripci\u00f3n<\/h3>\n<p>Alcohol isoprop\u00edlico, se usa en la limpieza de lentes de objetivos fotogr\u00e1ficos y todo tipo de \u00f3pticas. Sirve para limpiar contactos de aparatos electr\u00f3nicos no deja marcas y es de r\u00e1pida evaporaci\u00f3n. Limpieza de cabezas magn\u00e9ticas en aparatos de audio y v\u00eddeo, y como anti est\u00e1tico en discos de vinilo.<\/p>\n<p>PRODUCTO DE USO INDUSTRIAL\u00a0<i class=\"fas fa-skull-crossbones\"><\/i><\/p>\n<p>\u25cf L\u00edquido incoloro de olor caracter\u00edstico, completamente miscible con agua.<\/p>\n<p>\u25cf La gran mayor\u00eda de alcohol isoprop\u00edlico se utiliza como disolvente para revestimientos o para procesos industriales. El alcohol isoprop\u00edlico, en particular, es muy popular en rubro de electr\u00f3nica, porque\u00a0<strong>NO<\/strong>\u00a0deja residuos. Algunas veces el alcohol isoprop\u00edlico se usa como un intermedio qu\u00edmico.<\/p>\n<p><strong>PROPIEDADES<\/strong><br \/>\n\u25cf Nombre Qu\u00edmicos : Alcohol Isoprop\u00edlico, Isopropanol, 2- propanol.<br \/>\n\u25cf F\u00f3rmula : CHOH (CH3)2<br \/>\n\u25cf Densidad : 0.790 \u00b1 0.005 g\/ml<br \/>\n\u25cf Solubilidad : Soluble en hidrocarburos arom\u00e1ticos, Alcoholes,<br \/>\nCetonas y agua.<br \/>\n\u25cf Punto Inflamaci\u00f3n : 12 \u00b0C<\/p>\n<p><strong>SEGURIDAD<\/strong><br \/>\n\u25cf Producto inflamable, no almacene o mezcle con oxidantes fuertes, tales como cloro<br \/>\nl\u00edquido y ox\u00edgeno concentrado.<br \/>\n\u25cf No manipule o almacene cerca de llamas abiertas, calor, chispas, requiere ventilaci\u00f3n<br \/>\nadecuada.<br \/>\n\u25cf Es irritante para la piel y v\u00edas respiratorias.<br \/>\n\u25cf Mantener fuera del alcance de los ni\u00f1os.<\/p>\n","protected":false},"featured_media":40317,"comment_status":"closed","ping_status":"closed","template":"","meta":{"om_disable_all_campaigns":false,"_monsterinsights_skip_tracking":false,"_monsterinsights_sitenote_active":false,"_monsterinsights_sitenote_note":"","_monsterinsights_sitenote_category":0},"product_cat":[88,33],"product_tag":[49],"aioseo_notices":[],"jetpack_sharing_enabled":true,"_links":{"self":[{"href":"https:\/\/www.paenco.cl\/web\/wp-json\/wp\/v2\/product\/265"}],"collection":[{"href":"https:\/\/www.paenco.cl\/web\/wp-json\/wp\/v2\/product"}],"about":[{"href":"https:\/\/www.paenco.cl\/web\/wp-json\/wp\/v2\/types\/product"}],"replies":[{"embeddable":true,"href":"https:\/\/www.paenco.cl\/web\/wp-json\/wp\/v2\/comments?post=265"}],"wp:featuredmedia":[{"embeddable":true,"href":"https:\/\/www.paenco.cl\/web\/wp-json\/wp\/v2\/media\/40317"}],"wp:attachment":[{"href":"https:\/\/www.paenco.cl\/web\/wp-json\/wp\/v2\/media?parent=265"}],"wp:term":[{"taxonomy":"product_cat","embeddable":true,"href":"https:\/\/www.paenco.cl\/web\/wp-json\/wp\/v2\/product_cat?post=265"},{"taxonomy":"product_tag","embeddable":true,"href":"https:\/\/www.paenco.cl\/web\/wp-json\/wp\/v2\/product_tag?post=265"}],"curies":[{"name":"wp","href":"https:\/\/api.w.org\/{rel}","templated":true}]}}