{"id":24100,"date":"2023-04-01T13:11:40","date_gmt":"2023-04-01T16:11:40","guid":{"rendered":"https:\/\/www.paenco.cl\/web\/?post_type=product&#038;p=24100"},"modified":"2026-02-11T13:35:35","modified_gmt":"2026-02-11T16:35:35","slug":"babysec-voy-a-dormir","status":"publish","type":"product","link":"https:\/\/www.paenco.cl\/web\/producto\/babysec-voy-a-dormir\/","title":{"rendered":"Babysec Voy a Dormir 14 unids. Talla S\/M 17-30 Kg.  4-8 a\u00f1os."},"content":{"rendered":"","protected":false},"excerpt":{"rendered":"<p>Babysec Voy a dormir\\, ropa interior desechable unisex\\, que entrega hasta 12 horas de protecci\u00f3n. Con cubierta suave y cintura elasticada que permite un sube y baja f\u00e1cil y un c\u00f3modo ajuste. | Desde 17 hasta 30 kg.<\/p>\n","protected":false},"featured_media":24105,"comment_status":"open","ping_status":"closed","template":"","meta":{"om_disable_all_campaigns":false,"_monsterinsights_skip_tracking":false,"_monsterinsights_sitenote_active":false,"_monsterinsights_sitenote_note":"","_monsterinsights_sitenote_category":0},"product_cat":[88,12,51,9,86],"product_tag":[],"aioseo_notices":[],"jetpack_sharing_enabled":true,"_links":{"self":[{"href":"https:\/\/www.paenco.cl\/web\/wp-json\/wp\/v2\/product\/24100"}],"collection":[{"href":"https:\/\/www.paenco.cl\/web\/wp-json\/wp\/v2\/product"}],"about":[{"href":"https:\/\/www.paenco.cl\/web\/wp-json\/wp\/v2\/types\/product"}],"replies":[{"embeddable":true,"href":"https:\/\/www.paenco.cl\/web\/wp-json\/wp\/v2\/comments?post=24100"}],"wp:featuredmedia":[{"embeddable":true,"href":"https:\/\/www.paenco.cl\/web\/wp-json\/wp\/v2\/media\/24105"}],"wp:attachment":[{"href":"https:\/\/www.paenco.cl\/web\/wp-json\/wp\/v2\/media?parent=24100"}],"wp:term":[{"taxonomy":"product_cat","embeddable":true,"href":"https:\/\/www.paenco.cl\/web\/wp-json\/wp\/v2\/product_cat?post=24100"},{"taxonomy":"product_tag","embeddable":true,"href":"https:\/\/www.paenco.cl\/web\/wp-json\/wp\/v2\/product_tag?post=24100"}],"curies":[{"name":"wp","href":"https:\/\/api.w.org\/{rel}","templated":true}]}}