{"id":234,"date":"2016-06-16T03:20:18","date_gmt":"2016-06-16T03:20:18","guid":{"rendered":"http:\/\/paenco.cl\/web\/producto\/apositostenamedium30unid\/"},"modified":"2025-05-19T14:40:13","modified_gmt":"2025-05-19T18:40:13","slug":"apositostenamedium30unid","status":"publish","type":"product","link":"https:\/\/www.paenco.cl\/web\/producto\/apositostenamedium30unid\/","title":{"rendered":"Tena Medium 30 unids. ( IN76110 )"},"content":{"rendered":"<p>Ap\u00f3sitos<\/p>\n<p>Tena<\/p>\n<p>Medium<\/p>\n","protected":false},"excerpt":{"rendered":"<p>Esta toalla brinda 4 veces m\u00e1s absorci\u00f3n que una toalla femenina regular gracias a su gel s\u00faper absorbente que gelatiniza los l\u00edquidos en segundos y neutraliza los olores. Adem\u00e1s, su barrera anti-escurrimiento FLEXCOMFORT evita la salida de los l\u00edquidos, garantizando tu seguridad y comodidad. Recomendada para goteos frecuentes.<\/p>\n<p>Cuenta con una suave textura tipo tela, con tecnolog\u00eda TENASORB que protege tu piel ayudando a que la humedad no regrese. \u00dasala f\u00e1cilmente y despreoc\u00fapate con la m\u00e1xima seguridad que solo TENA te puede dar.&#8221;<\/p>\n","protected":false},"featured_media":235,"comment_status":"closed","ping_status":"closed","template":"","meta":{"om_disable_all_campaigns":false,"_monsterinsights_skip_tracking":false,"_monsterinsights_sitenote_active":false,"_monsterinsights_sitenote_note":"","_monsterinsights_sitenote_category":0},"product_cat":[88,29,26,24],"product_tag":[],"aioseo_notices":[],"jetpack_sharing_enabled":true,"_links":{"self":[{"href":"https:\/\/www.paenco.cl\/web\/wp-json\/wp\/v2\/product\/234"}],"collection":[{"href":"https:\/\/www.paenco.cl\/web\/wp-json\/wp\/v2\/product"}],"about":[{"href":"https:\/\/www.paenco.cl\/web\/wp-json\/wp\/v2\/types\/product"}],"replies":[{"embeddable":true,"href":"https:\/\/www.paenco.cl\/web\/wp-json\/wp\/v2\/comments?post=234"}],"wp:featuredmedia":[{"embeddable":true,"href":"https:\/\/www.paenco.cl\/web\/wp-json\/wp\/v2\/media\/235"}],"wp:attachment":[{"href":"https:\/\/www.paenco.cl\/web\/wp-json\/wp\/v2\/media?parent=234"}],"wp:term":[{"taxonomy":"product_cat","embeddable":true,"href":"https:\/\/www.paenco.cl\/web\/wp-json\/wp\/v2\/product_cat?post=234"},{"taxonomy":"product_tag","embeddable":true,"href":"https:\/\/www.paenco.cl\/web\/wp-json\/wp\/v2\/product_tag?post=234"}],"curies":[{"name":"wp","href":"https:\/\/api.w.org\/{rel}","templated":true}]}}