{"id":2220,"date":"2022-02-19T17:52:14","date_gmt":"2022-02-19T17:52:14","guid":{"rendered":"https:\/\/www.paenco.cl\/web\/?post_type=product&#038;p=2220"},"modified":"2026-01-28T18:31:07","modified_gmt":"2026-01-28T21:31:07","slug":"emumed-premium-talla-m-20-unidades-descuento-sobre-2-paquetes-2","status":"publish","type":"product","link":"https:\/\/www.paenco.cl\/web\/producto\/emumed-premium-talla-m-20-unidades-descuento-sobre-2-paquetes-2\/","title":{"rendered":"Emumed Premium talla M 20 unids."},"content":{"rendered":"","protected":false},"excerpt":{"rendered":"<p>Emumed Pa\u00f1ales desechables para adulto <strong>talla mediana<\/strong>, ancho cintura <strong>70-120 cm<\/strong>, <strong>hasta 75 kg<\/strong>. Dise\u00f1ados para p\u00e9rdidas abundantes de orina, con un gel s\u00faper absorbente y tela respirable.<\/p>\n","protected":false},"featured_media":40559,"comment_status":"open","ping_status":"closed","template":"","meta":{"om_disable_all_campaigns":false,"_monsterinsights_skip_tracking":false,"_monsterinsights_sitenote_active":false,"_monsterinsights_sitenote_note":"","_monsterinsights_sitenote_category":0},"product_cat":[88,109,16],"product_tag":[],"aioseo_notices":[],"jetpack_sharing_enabled":true,"_links":{"self":[{"href":"https:\/\/www.paenco.cl\/web\/wp-json\/wp\/v2\/product\/2220"}],"collection":[{"href":"https:\/\/www.paenco.cl\/web\/wp-json\/wp\/v2\/product"}],"about":[{"href":"https:\/\/www.paenco.cl\/web\/wp-json\/wp\/v2\/types\/product"}],"replies":[{"embeddable":true,"href":"https:\/\/www.paenco.cl\/web\/wp-json\/wp\/v2\/comments?post=2220"}],"wp:featuredmedia":[{"embeddable":true,"href":"https:\/\/www.paenco.cl\/web\/wp-json\/wp\/v2\/media\/40559"}],"wp:attachment":[{"href":"https:\/\/www.paenco.cl\/web\/wp-json\/wp\/v2\/media?parent=2220"}],"wp:term":[{"taxonomy":"product_cat","embeddable":true,"href":"https:\/\/www.paenco.cl\/web\/wp-json\/wp\/v2\/product_cat?post=2220"},{"taxonomy":"product_tag","embeddable":true,"href":"https:\/\/www.paenco.cl\/web\/wp-json\/wp\/v2\/product_tag?post=2220"}],"curies":[{"name":"wp","href":"https:\/\/api.w.org\/{rel}","templated":true}]}}