{"id":2217,"date":"2022-02-19T17:48:58","date_gmt":"2022-02-19T17:48:58","guid":{"rendered":"https:\/\/www.paenco.cl\/web\/?post_type=product&#038;p=2217"},"modified":"2026-01-28T18:32:18","modified_gmt":"2026-01-28T21:32:18","slug":"emumed-premium-talla-m-20-unidades-descuento-sobre-2-paquetes","status":"publish","type":"product","link":"https:\/\/www.paenco.cl\/web\/producto\/emumed-premium-talla-m-20-unidades-descuento-sobre-2-paquetes\/","title":{"rendered":"Emumed Premium talla G 20 unids."},"content":{"rendered":"","protected":false},"excerpt":{"rendered":"<p>Emumed Pa\u00f1ales desechables para adulto <strong>talla grande<\/strong>, ancho cintura <strong>110-150 cm<\/strong>, <strong>mas de 75 kg<\/strong>. Dise\u00f1ados para p\u00e9rdidas abundantes de orina, con un gel s\u00faper absorbente y tela respirable.<\/p>\n","protected":false},"featured_media":40560,"comment_status":"open","ping_status":"closed","template":"","meta":{"om_disable_all_campaigns":false,"_monsterinsights_skip_tracking":false,"_monsterinsights_sitenote_active":false,"_monsterinsights_sitenote_note":"","_monsterinsights_sitenote_category":0},"product_cat":[88,109,16],"product_tag":[],"aioseo_notices":[],"jetpack_sharing_enabled":true,"_links":{"self":[{"href":"https:\/\/www.paenco.cl\/web\/wp-json\/wp\/v2\/product\/2217"}],"collection":[{"href":"https:\/\/www.paenco.cl\/web\/wp-json\/wp\/v2\/product"}],"about":[{"href":"https:\/\/www.paenco.cl\/web\/wp-json\/wp\/v2\/types\/product"}],"replies":[{"embeddable":true,"href":"https:\/\/www.paenco.cl\/web\/wp-json\/wp\/v2\/comments?post=2217"}],"wp:featuredmedia":[{"embeddable":true,"href":"https:\/\/www.paenco.cl\/web\/wp-json\/wp\/v2\/media\/40560"}],"wp:attachment":[{"href":"https:\/\/www.paenco.cl\/web\/wp-json\/wp\/v2\/media?parent=2217"}],"wp:term":[{"taxonomy":"product_cat","embeddable":true,"href":"https:\/\/www.paenco.cl\/web\/wp-json\/wp\/v2\/product_cat?post=2217"},{"taxonomy":"product_tag","embeddable":true,"href":"https:\/\/www.paenco.cl\/web\/wp-json\/wp\/v2\/product_tag?post=2217"}],"curies":[{"name":"wp","href":"https:\/\/api.w.org\/{rel}","templated":true}]}}