{"id":2189,"date":"2021-12-18T14:39:39","date_gmt":"2021-12-18T14:39:39","guid":{"rendered":"https:\/\/www.paenco.cl\/web\/?post_type=product&#038;p=2189"},"modified":"2026-01-28T18:28:24","modified_gmt":"2026-01-28T21:28:24","slug":"emumed-talla-g-18-unidades-calzon","status":"publish","type":"product","link":"https:\/\/www.paenco.cl\/web\/producto\/emumed-talla-g-18-unidades-calzon\/","title":{"rendered":"Emumed Pants talla G 18 unidades ( Calz\u00f3n )"},"content":{"rendered":"","protected":false},"excerpt":{"rendered":"<p>Ropa interior desechable para adulto Emumed Pants <strong>talla grande<\/strong>, ancho <strong>cintura 110-150 cm, sobre 75 kg<\/strong>. Dise\u00f1ados para una m\u00e1xima protecci\u00f3n en caso de fuertes p\u00e9rdidas de orina, con n\u00facleo de gel s\u00faper absorbente, tela respirable y control de olores.<\/p>\n","protected":false},"featured_media":40558,"comment_status":"open","ping_status":"closed","template":"","meta":{"om_disable_all_campaigns":false,"_monsterinsights_skip_tracking":false,"_monsterinsights_sitenote_active":false,"_monsterinsights_sitenote_note":"","_monsterinsights_sitenote_category":0},"product_cat":[109,16],"product_tag":[],"aioseo_notices":[],"jetpack_sharing_enabled":true,"_links":{"self":[{"href":"https:\/\/www.paenco.cl\/web\/wp-json\/wp\/v2\/product\/2189"}],"collection":[{"href":"https:\/\/www.paenco.cl\/web\/wp-json\/wp\/v2\/product"}],"about":[{"href":"https:\/\/www.paenco.cl\/web\/wp-json\/wp\/v2\/types\/product"}],"replies":[{"embeddable":true,"href":"https:\/\/www.paenco.cl\/web\/wp-json\/wp\/v2\/comments?post=2189"}],"wp:featuredmedia":[{"embeddable":true,"href":"https:\/\/www.paenco.cl\/web\/wp-json\/wp\/v2\/media\/40558"}],"wp:attachment":[{"href":"https:\/\/www.paenco.cl\/web\/wp-json\/wp\/v2\/media?parent=2189"}],"wp:term":[{"taxonomy":"product_cat","embeddable":true,"href":"https:\/\/www.paenco.cl\/web\/wp-json\/wp\/v2\/product_cat?post=2189"},{"taxonomy":"product_tag","embeddable":true,"href":"https:\/\/www.paenco.cl\/web\/wp-json\/wp\/v2\/product_tag?post=2189"}],"curies":[{"name":"wp","href":"https:\/\/api.w.org\/{rel}","templated":true}]}}