{"id":214,"date":"2016-06-15T22:18:50","date_gmt":"2016-06-15T22:18:50","guid":{"rendered":"http:\/\/paenco.cl\/web\/producto\/sabanillasgranel8unid\/"},"modified":"2026-01-16T16:06:35","modified_gmt":"2026-01-16T19:06:35","slug":"sabanillasgranel8unid","status":"publish","type":"product","link":"https:\/\/www.paenco.cl\/web\/producto\/sabanillasgranel8unid\/","title":{"rendered":"Sabanillas Higieclin con gel 60 x 90 cms. 10 unids."},"content":{"rendered":"","protected":false},"excerpt":{"rendered":"<p>La sabanilla desechable Higieclin est\u00e1 dise\u00f1ada para brindar una barrera eficaz contra l\u00edquidos y contaminantes, ofreciendo m\u00e1xima higiene y confort en camas, camillas, sillas de ruedas y otras superficies. Ideal para uso en entornos cl\u00ednicos, institucionales y domiciliarios.<\/p>\n","protected":false},"featured_media":2103,"comment_status":"closed","ping_status":"closed","template":"","meta":{"om_disable_all_campaigns":false,"_monsterinsights_skip_tracking":false,"_monsterinsights_sitenote_active":false,"_monsterinsights_sitenote_note":"","_monsterinsights_sitenote_category":0},"product_cat":[88,27,26],"product_tag":[],"aioseo_notices":[],"jetpack_sharing_enabled":true,"_links":{"self":[{"href":"https:\/\/www.paenco.cl\/web\/wp-json\/wp\/v2\/product\/214"}],"collection":[{"href":"https:\/\/www.paenco.cl\/web\/wp-json\/wp\/v2\/product"}],"about":[{"href":"https:\/\/www.paenco.cl\/web\/wp-json\/wp\/v2\/types\/product"}],"replies":[{"embeddable":true,"href":"https:\/\/www.paenco.cl\/web\/wp-json\/wp\/v2\/comments?post=214"}],"wp:featuredmedia":[{"embeddable":true,"href":"https:\/\/www.paenco.cl\/web\/wp-json\/wp\/v2\/media\/2103"}],"wp:attachment":[{"href":"https:\/\/www.paenco.cl\/web\/wp-json\/wp\/v2\/media?parent=214"}],"wp:term":[{"taxonomy":"product_cat","embeddable":true,"href":"https:\/\/www.paenco.cl\/web\/wp-json\/wp\/v2\/product_cat?post=214"},{"taxonomy":"product_tag","embeddable":true,"href":"https:\/\/www.paenco.cl\/web\/wp-json\/wp\/v2\/product_tag?post=214"}],"curies":[{"name":"wp","href":"https:\/\/api.w.org\/{rel}","templated":true}]}}