{"id":2099,"date":"2021-07-29T00:33:38","date_gmt":"2021-07-29T00:33:38","guid":{"rendered":"https:\/\/www.paenco.cl\/web\/?post_type=product&#038;p=2099"},"modified":"2025-11-06T18:41:44","modified_gmt":"2025-11-06T21:41:44","slug":"bambo-dreamy-nina-10-unids-8-15-anos-35-50-kg","status":"publish","type":"product","link":"https:\/\/www.paenco.cl\/web\/producto\/bambo-dreamy-nina-10-unids-8-15-anos-35-50-kg\/","title":{"rendered":"Bambo Dreamy Ni\u00f1o\/a Junior 10 Unids. 8-15 a\u00f1os, 35-50 kg. Cintura 52-105 cms. ( $ 779 x un )"},"content":{"rendered":"<p>Talla 35 \u2013 50 kilos<\/p>\n<p>Cintura de 52 a 105 cms.<\/p>\n<p>Importado de Dinamarca<\/p>\n<p>\u00a1Nuevos Pants ecol\u00f3gicos nocturnos!<\/p>\n<p>La compa\u00f1\u00eda danesa Abena presenta los nuevos pants ecol\u00f3gicos, Bambo Dreamy, dise\u00f1ados para ni\u00f1os de entre 4 y 15 a\u00f1os.<\/p>\n<p>Desde el momento en que nacen nuestros hijos, adquieren nuevas habilidades casi todos los d\u00edas. Uno de los hitos es dejar de usar pa\u00f1ales.<\/p>\n<p>Sue\u00f1os despreocupados y c\u00f3modos<\/p>\n<p>Precio Unitario $ 779<\/p>\n","protected":false},"excerpt":{"rendered":"<p>Talla 35 \u2013 50 kilos Cintura de 52 a 105 cms. Importado de Dinamarca \u00a1Nuevos Pants ecol\u00f3gicos nocturnos! La compa\u00f1\u00eda danesa Abena presenta los nuevos pants ecol\u00f3gicos, Bambo Dreamy, dise\u00f1ados para ni\u00f1os de entre 4 y 15 a\u00f1os. Desde el momento en que nacen nuestros hijos, adquieren nuevas habilidades casi todos los d\u00edas. Uno de [&hellip;]<\/p>\n","protected":false},"featured_media":40308,"comment_status":"open","ping_status":"closed","template":"","meta":{"om_disable_all_campaigns":false,"_monsterinsights_skip_tracking":false,"_monsterinsights_sitenote_active":false,"_monsterinsights_sitenote_note":"","_monsterinsights_sitenote_category":0},"product_cat":[88,56,51,9,86],"product_tag":[],"aioseo_notices":[],"jetpack_sharing_enabled":true,"_links":{"self":[{"href":"https:\/\/www.paenco.cl\/web\/wp-json\/wp\/v2\/product\/2099"}],"collection":[{"href":"https:\/\/www.paenco.cl\/web\/wp-json\/wp\/v2\/product"}],"about":[{"href":"https:\/\/www.paenco.cl\/web\/wp-json\/wp\/v2\/types\/product"}],"replies":[{"embeddable":true,"href":"https:\/\/www.paenco.cl\/web\/wp-json\/wp\/v2\/comments?post=2099"}],"wp:featuredmedia":[{"embeddable":true,"href":"https:\/\/www.paenco.cl\/web\/wp-json\/wp\/v2\/media\/40308"}],"wp:attachment":[{"href":"https:\/\/www.paenco.cl\/web\/wp-json\/wp\/v2\/media?parent=2099"}],"wp:term":[{"taxonomy":"product_cat","embeddable":true,"href":"https:\/\/www.paenco.cl\/web\/wp-json\/wp\/v2\/product_cat?post=2099"},{"taxonomy":"product_tag","embeddable":true,"href":"https:\/\/www.paenco.cl\/web\/wp-json\/wp\/v2\/product_tag?post=2099"}],"curies":[{"name":"wp","href":"https:\/\/api.w.org\/{rel}","templated":true}]}}