{"id":1756,"date":"2020-09-09T02:23:08","date_gmt":"2020-09-09T02:23:08","guid":{"rendered":"https:\/\/www.paenco.cl\/web\/?post_type=product&#038;p=1756"},"modified":"2024-12-16T14:17:09","modified_gmt":"2024-12-16T17:17:09","slug":"win-plus-talla-g-22-unids-descuento-sobre-2-paquetes","status":"publish","type":"product","link":"https:\/\/www.paenco.cl\/web\/producto\/win-plus-talla-g-22-unids-descuento-sobre-2-paquetes\/","title":{"rendered":"Win Plus talla G 20 unids."},"content":{"rendered":"<ul>\n<li>Con hidrogel que atrapa los l\u00edquidos<\/li>\n<li>Cuida de los desbordes l\u00edquidos para su mayor seguridad<\/li>\n<li>Al cambiar de color amarillo a verde indica que hay que cambiar el pa\u00f1al<\/li>\n<\/ul>\n","protected":false},"excerpt":{"rendered":"<p>Con hidrogel que atrapa los l\u00edquidos Cuida de los desbordes l\u00edquidos para su mayor seguridad Al cambiar de color amarillo a verde indica que hay que cambiar el pa\u00f1al<\/p>\n","protected":false},"featured_media":11933,"comment_status":"open","ping_status":"closed","template":"","meta":{"om_disable_all_campaigns":false,"_monsterinsights_skip_tracking":false,"_monsterinsights_sitenote_active":false,"_monsterinsights_sitenote_note":"","_monsterinsights_sitenote_category":0},"product_cat":[88,16,93],"product_tag":[],"aioseo_notices":[],"jetpack_sharing_enabled":true,"_links":{"self":[{"href":"https:\/\/www.paenco.cl\/web\/wp-json\/wp\/v2\/product\/1756"}],"collection":[{"href":"https:\/\/www.paenco.cl\/web\/wp-json\/wp\/v2\/product"}],"about":[{"href":"https:\/\/www.paenco.cl\/web\/wp-json\/wp\/v2\/types\/product"}],"replies":[{"embeddable":true,"href":"https:\/\/www.paenco.cl\/web\/wp-json\/wp\/v2\/comments?post=1756"}],"wp:featuredmedia":[{"embeddable":true,"href":"https:\/\/www.paenco.cl\/web\/wp-json\/wp\/v2\/media\/11933"}],"wp:attachment":[{"href":"https:\/\/www.paenco.cl\/web\/wp-json\/wp\/v2\/media?parent=1756"}],"wp:term":[{"taxonomy":"product_cat","embeddable":true,"href":"https:\/\/www.paenco.cl\/web\/wp-json\/wp\/v2\/product_cat?post=1756"},{"taxonomy":"product_tag","embeddable":true,"href":"https:\/\/www.paenco.cl\/web\/wp-json\/wp\/v2\/product_tag?post=1756"}],"curies":[{"name":"wp","href":"https:\/\/api.w.org\/{rel}","templated":true}]}}