{"id":174,"date":"2016-06-08T06:19:14","date_gmt":"2016-06-08T06:19:14","guid":{"rendered":"http:\/\/paenco.cl\/web\/producto\/plenitudactiveplusg16unid\/"},"modified":"2025-08-02T12:08:06","modified_gmt":"2025-08-02T16:08:06","slug":"plenitudactiveplusg16unid","status":"publish","type":"product","link":"https:\/\/www.paenco.cl\/web\/producto\/plenitudactiveplusg16unid\/","title":{"rendered":"Plenitud Protect Plus G\/XG 16 unids. ( Calz\u00f3n )"},"content":{"rendered":"","protected":false},"excerpt":{"rendered":"<p>Ropa interior con protecci\u00f3n para las p\u00e9rdidas abundantes de orina. <strong>Cintura de 112 a 137 cm. <\/strong>Elaborado con un gel s\u00faper absorbente para brindar la m\u00e1xima absorci\u00f3n y protecci\u00f3n de la l\u00ednea Plenitud Protect. Tiene una tela respirable, control de olores y mayor cobertura abdominal para mayor comodidad.<\/p>\n","protected":false},"featured_media":38105,"comment_status":"closed","ping_status":"closed","template":"","meta":{"om_disable_all_campaigns":false,"_monsterinsights_skip_tracking":false,"_monsterinsights_sitenote_active":false,"_monsterinsights_sitenote_note":"","_monsterinsights_sitenote_category":0},"product_cat":[88,16,21],"product_tag":[66],"aioseo_notices":[],"jetpack_sharing_enabled":true,"_links":{"self":[{"href":"https:\/\/www.paenco.cl\/web\/wp-json\/wp\/v2\/product\/174"}],"collection":[{"href":"https:\/\/www.paenco.cl\/web\/wp-json\/wp\/v2\/product"}],"about":[{"href":"https:\/\/www.paenco.cl\/web\/wp-json\/wp\/v2\/types\/product"}],"replies":[{"embeddable":true,"href":"https:\/\/www.paenco.cl\/web\/wp-json\/wp\/v2\/comments?post=174"}],"wp:featuredmedia":[{"embeddable":true,"href":"https:\/\/www.paenco.cl\/web\/wp-json\/wp\/v2\/media\/38105"}],"wp:attachment":[{"href":"https:\/\/www.paenco.cl\/web\/wp-json\/wp\/v2\/media?parent=174"}],"wp:term":[{"taxonomy":"product_cat","embeddable":true,"href":"https:\/\/www.paenco.cl\/web\/wp-json\/wp\/v2\/product_cat?post=174"},{"taxonomy":"product_tag","embeddable":true,"href":"https:\/\/www.paenco.cl\/web\/wp-json\/wp\/v2\/product_tag?post=174"}],"curies":[{"name":"wp","href":"https:\/\/api.w.org\/{rel}","templated":true}]}}