{"id":170,"date":"2016-06-08T06:14:35","date_gmt":"2016-06-08T06:14:35","guid":{"rendered":"http:\/\/paenco.cl\/web\/producto\/plenitudprotectg24unid\/"},"modified":"2025-08-02T11:59:25","modified_gmt":"2025-08-02T15:59:25","slug":"plenitudprotectg22unid","status":"publish","type":"product","link":"https:\/\/www.paenco.cl\/web\/producto\/plenitudprotectg22unid\/","title":{"rendered":"Plenitud Protect G 22 unids."},"content":{"rendered":"<p><span class=\"lectura\">Plenitud Protect<\/span><\/p>\n<p><span class=\"lectura\">Talla G\u00a022 unid.<\/span><\/p>\n","protected":false},"excerpt":{"rendered":"<p>Plenitud Protect es un pa\u00f1al para adultos con incontinencia severa que cuenta con la tecnolog\u00eda m\u00e1s avanzada.<\/p>\n","protected":false},"featured_media":40269,"comment_status":"closed","ping_status":"closed","template":"","meta":{"om_disable_all_campaigns":false,"_monsterinsights_skip_tracking":false,"_monsterinsights_sitenote_active":false,"_monsterinsights_sitenote_note":"","_monsterinsights_sitenote_category":0},"product_cat":[88,16,21],"product_tag":[66],"aioseo_notices":[],"jetpack_sharing_enabled":true,"_links":{"self":[{"href":"https:\/\/www.paenco.cl\/web\/wp-json\/wp\/v2\/product\/170"}],"collection":[{"href":"https:\/\/www.paenco.cl\/web\/wp-json\/wp\/v2\/product"}],"about":[{"href":"https:\/\/www.paenco.cl\/web\/wp-json\/wp\/v2\/types\/product"}],"replies":[{"embeddable":true,"href":"https:\/\/www.paenco.cl\/web\/wp-json\/wp\/v2\/comments?post=170"}],"wp:featuredmedia":[{"embeddable":true,"href":"https:\/\/www.paenco.cl\/web\/wp-json\/wp\/v2\/media\/40269"}],"wp:attachment":[{"href":"https:\/\/www.paenco.cl\/web\/wp-json\/wp\/v2\/media?parent=170"}],"wp:term":[{"taxonomy":"product_cat","embeddable":true,"href":"https:\/\/www.paenco.cl\/web\/wp-json\/wp\/v2\/product_cat?post=170"},{"taxonomy":"product_tag","embeddable":true,"href":"https:\/\/www.paenco.cl\/web\/wp-json\/wp\/v2\/product_tag?post=170"}],"curies":[{"name":"wp","href":"https:\/\/api.w.org\/{rel}","templated":true}]}}