{"id":1397,"date":"2019-11-26T19:06:28","date_gmt":"2019-11-26T19:06:28","guid":{"rendered":"https:\/\/www.paenco.cl\/web\/?post_type=product&#038;p=1397"},"modified":"2025-10-04T11:11:31","modified_gmt":"2025-10-04T14:11:31","slug":"cotidian-premium-talla-m-24-unidades","status":"publish","type":"product","link":"https:\/\/www.paenco.cl\/web\/producto\/cotidian-premium-talla-m-24-unidades\/","title":{"rendered":"Cotidian Premium talla M 20 unids."},"content":{"rendered":"","protected":false},"excerpt":{"rendered":"<p>Pa\u00f1ales desechables para adulto Cotidian Premium <strong>talla mediana<\/strong>, ancho de cintura <strong>90-110 cm<\/strong>,<strong> hasta 75kg<\/strong>. Dise\u00f1ados para incontinencia fuerte. Ofrecen una mayor comodidad por su dise\u00f1o anat\u00f3mico.<\/p>\n","protected":false},"featured_media":2258,"comment_status":"open","ping_status":"closed","template":"","meta":{"om_disable_all_campaigns":false,"_monsterinsights_skip_tracking":false,"_monsterinsights_sitenote_active":false,"_monsterinsights_sitenote_note":"","_monsterinsights_sitenote_category":0},"product_cat":[88,20,16],"product_tag":[],"aioseo_notices":[],"jetpack_sharing_enabled":true,"_links":{"self":[{"href":"https:\/\/www.paenco.cl\/web\/wp-json\/wp\/v2\/product\/1397"}],"collection":[{"href":"https:\/\/www.paenco.cl\/web\/wp-json\/wp\/v2\/product"}],"about":[{"href":"https:\/\/www.paenco.cl\/web\/wp-json\/wp\/v2\/types\/product"}],"replies":[{"embeddable":true,"href":"https:\/\/www.paenco.cl\/web\/wp-json\/wp\/v2\/comments?post=1397"}],"wp:featuredmedia":[{"embeddable":true,"href":"https:\/\/www.paenco.cl\/web\/wp-json\/wp\/v2\/media\/2258"}],"wp:attachment":[{"href":"https:\/\/www.paenco.cl\/web\/wp-json\/wp\/v2\/media?parent=1397"}],"wp:term":[{"taxonomy":"product_cat","embeddable":true,"href":"https:\/\/www.paenco.cl\/web\/wp-json\/wp\/v2\/product_cat?post=1397"},{"taxonomy":"product_tag","embeddable":true,"href":"https:\/\/www.paenco.cl\/web\/wp-json\/wp\/v2\/product_tag?post=1397"}],"curies":[{"name":"wp","href":"https:\/\/api.w.org\/{rel}","templated":true}]}}