{"id":1382,"date":"2019-11-23T12:14:48","date_gmt":"2019-11-23T12:14:48","guid":{"rendered":"https:\/\/www.paenco.cl\/web\/?post_type=product&#038;p=1382"},"modified":"2024-07-25T11:40:03","modified_gmt":"2024-07-25T15:40:03","slug":"crema-emugloss-100-gr","status":"publish","type":"product","link":"https:\/\/www.paenco.cl\/web\/producto\/crema-emugloss-100-gr\/","title":{"rendered":"Crema Emugloss 100 gr."},"content":{"rendered":"","protected":false},"excerpt":{"rendered":"<p>La formula de Emugloss otorga mejores, r\u00e1pidos y efectivos resultados en la delicada piel de tu bebe. Al conocido aceite de Em\u00fa, se suman las Vitaminas A y E. El Aceite de Em\u00fa humecta, repara y protege la piel de tu beb\u00e9 gracias a su composici\u00f3n de \u00e1cidos Grasos Esenciales (Omega 9, 6 y 3). Las Vitaminas A y E ayudan al crecimiento y reparaci\u00f3n de los tejidos, adem\u00e1s de mejorar la elasticidad dejando la piel suave y tersa. El \u00d3xido de Zinc mantiene la zona del pa\u00f1al seca y protegida.<\/p>\n","protected":false},"featured_media":1383,"comment_status":"open","ping_status":"closed","template":"","meta":{"om_disable_all_campaigns":false,"_monsterinsights_skip_tracking":false,"_monsterinsights_sitenote_active":false,"_monsterinsights_sitenote_note":"","_monsterinsights_sitenote_category":0},"product_cat":[88,85,69,70],"product_tag":[],"aioseo_notices":[],"jetpack_sharing_enabled":true,"_links":{"self":[{"href":"https:\/\/www.paenco.cl\/web\/wp-json\/wp\/v2\/product\/1382"}],"collection":[{"href":"https:\/\/www.paenco.cl\/web\/wp-json\/wp\/v2\/product"}],"about":[{"href":"https:\/\/www.paenco.cl\/web\/wp-json\/wp\/v2\/types\/product"}],"replies":[{"embeddable":true,"href":"https:\/\/www.paenco.cl\/web\/wp-json\/wp\/v2\/comments?post=1382"}],"wp:featuredmedia":[{"embeddable":true,"href":"https:\/\/www.paenco.cl\/web\/wp-json\/wp\/v2\/media\/1383"}],"wp:attachment":[{"href":"https:\/\/www.paenco.cl\/web\/wp-json\/wp\/v2\/media?parent=1382"}],"wp:term":[{"taxonomy":"product_cat","embeddable":true,"href":"https:\/\/www.paenco.cl\/web\/wp-json\/wp\/v2\/product_cat?post=1382"},{"taxonomy":"product_tag","embeddable":true,"href":"https:\/\/www.paenco.cl\/web\/wp-json\/wp\/v2\/product_tag?post=1382"}],"curies":[{"name":"wp","href":"https:\/\/api.w.org\/{rel}","templated":true}]}}