{"id":1379,"date":"2019-11-22T21:25:09","date_gmt":"2019-11-22T21:25:09","guid":{"rendered":"https:\/\/www.paenco.cl\/web\/?post_type=product&#038;p=1379"},"modified":"2026-03-31T14:45:36","modified_gmt":"2026-03-31T17:45:36","slug":"emu-baby-pants-talla-xg-xxg-22-unidades","status":"publish","type":"product","link":"https:\/\/www.paenco.cl\/web\/producto\/emu-baby-pants-talla-xg-xxg-22-unidades\/","title":{"rendered":"Emubaby Pants talla XG \/ XXG 22 unids."},"content":{"rendered":"","protected":false},"excerpt":{"rendered":"<p>El Pants Premium XG\/XXG de 9 a 18 kg, entrega mayor cuidado, protecci\u00f3n y comodidad a tu beb\u00e9. Hipoalerg\u00e9nicos, testeados dermatol\u00f3gicamente. Anat\u00f3micos, se ajustan perfectamente al cuerpo de tu beb\u00e9. Cubierta de algod\u00f3n ultra respirable. Gel ultra absorbente que permite una r\u00e1pida absorci\u00f3n y retenci\u00f3n de l\u00edquidos. Barreras anti\ufb01ltraciones mantienen la piel de tu beb\u00e9 seca hasta 12 horas. Ajuste el\u00e1stico 360\u00b0 que ayuda a un mejor control y r\u00e1pido ajuste.<\/p>\n<p>Precio Unitario $345<\/p>\n","protected":false},"featured_media":1380,"comment_status":"open","ping_status":"closed","template":"","meta":{"om_disable_all_campaigns":false,"_monsterinsights_skip_tracking":false,"_monsterinsights_sitenote_active":false,"_monsterinsights_sitenote_note":"","_monsterinsights_sitenote_category":0},"product_cat":[88,69,70,9],"product_tag":[],"aioseo_notices":[],"jetpack_sharing_enabled":true,"_links":{"self":[{"href":"https:\/\/www.paenco.cl\/web\/wp-json\/wp\/v2\/product\/1379"}],"collection":[{"href":"https:\/\/www.paenco.cl\/web\/wp-json\/wp\/v2\/product"}],"about":[{"href":"https:\/\/www.paenco.cl\/web\/wp-json\/wp\/v2\/types\/product"}],"replies":[{"embeddable":true,"href":"https:\/\/www.paenco.cl\/web\/wp-json\/wp\/v2\/comments?post=1379"}],"wp:featuredmedia":[{"embeddable":true,"href":"https:\/\/www.paenco.cl\/web\/wp-json\/wp\/v2\/media\/1380"}],"wp:attachment":[{"href":"https:\/\/www.paenco.cl\/web\/wp-json\/wp\/v2\/media?parent=1379"}],"wp:term":[{"taxonomy":"product_cat","embeddable":true,"href":"https:\/\/www.paenco.cl\/web\/wp-json\/wp\/v2\/product_cat?post=1379"},{"taxonomy":"product_tag","embeddable":true,"href":"https:\/\/www.paenco.cl\/web\/wp-json\/wp\/v2\/product_tag?post=1379"}],"curies":[{"name":"wp","href":"https:\/\/api.w.org\/{rel}","templated":true}]}}