{"id":1361,"date":"2019-11-22T20:16:25","date_gmt":"2019-11-22T20:16:25","guid":{"rendered":"https:\/\/www.paenco.cl\/web\/?post_type=product&#038;p=1361"},"modified":"2025-01-09T19:12:03","modified_gmt":"2025-01-09T22:12:03","slug":"pampers-premium-care-talla-m-24-unidades","status":"publish","type":"product","link":"https:\/\/www.paenco.cl\/web\/producto\/pampers-premium-care-talla-m-24-unidades\/","title":{"rendered":"Pampers Premium Care talla M ( 8 paquetes de 20 unids. )"},"content":{"rendered":"","protected":false},"excerpt":{"rendered":"<p>Pampers Premium Care M de 6 a 9,5 Kg, el pa\u00f1al m\u00e1s seco y m\u00e1s suave para la piel de tu beb\u00e9. Su capa exterior est\u00e1 especialmente dise\u00f1ada para ser m\u00e1s suave al tacto, gracias a sus fibras que generan toda la suavidad y esponjosidad que tu beb\u00e9 necesita. Esta capa exclusiva permite una absorci\u00f3n m\u00e1s r\u00e1pida* y mejor distribuci\u00f3n del l\u00edquido, reteni\u00e9ndolo lejos de la piel del beb\u00e9.<\/p>\n","protected":false},"featured_media":2209,"comment_status":"open","ping_status":"closed","template":"","meta":{"om_disable_all_campaigns":false,"_monsterinsights_skip_tracking":false,"_monsterinsights_sitenote_active":false,"_monsterinsights_sitenote_note":"","_monsterinsights_sitenote_category":0},"product_cat":[88,11,9],"product_tag":[],"aioseo_notices":[],"jetpack_sharing_enabled":true,"_links":{"self":[{"href":"https:\/\/www.paenco.cl\/web\/wp-json\/wp\/v2\/product\/1361"}],"collection":[{"href":"https:\/\/www.paenco.cl\/web\/wp-json\/wp\/v2\/product"}],"about":[{"href":"https:\/\/www.paenco.cl\/web\/wp-json\/wp\/v2\/types\/product"}],"replies":[{"embeddable":true,"href":"https:\/\/www.paenco.cl\/web\/wp-json\/wp\/v2\/comments?post=1361"}],"wp:featuredmedia":[{"embeddable":true,"href":"https:\/\/www.paenco.cl\/web\/wp-json\/wp\/v2\/media\/2209"}],"wp:attachment":[{"href":"https:\/\/www.paenco.cl\/web\/wp-json\/wp\/v2\/media?parent=1361"}],"wp:term":[{"taxonomy":"product_cat","embeddable":true,"href":"https:\/\/www.paenco.cl\/web\/wp-json\/wp\/v2\/product_cat?post=1361"},{"taxonomy":"product_tag","embeddable":true,"href":"https:\/\/www.paenco.cl\/web\/wp-json\/wp\/v2\/product_tag?post=1361"}],"curies":[{"name":"wp","href":"https:\/\/api.w.org\/{rel}","templated":true}]}}