{"id":1349,"date":"2019-11-22T19:45:11","date_gmt":"2019-11-22T19:45:11","guid":{"rendered":"https:\/\/www.paenco.cl\/web\/?post_type=product&#038;p=1349"},"modified":"2025-01-09T17:59:52","modified_gmt":"2025-01-09T20:59:52","slug":"pampers-confort-sec-talla-xg-16-unidades","status":"publish","type":"product","link":"https:\/\/www.paenco.cl\/web\/producto\/pampers-confort-sec-talla-xg-16-unidades\/","title":{"rendered":"Pampers Confort Sec talla XG ( 8 paquetes de 16 unids. )"},"content":{"rendered":"","protected":false},"excerpt":{"rendered":"<p>Pampers Confort Sec XG de 11 a 15 Kg, mantiene a tu beb\u00e9 sequito gracias a su revolucionario extra sec pods que retiene la humedad mejor que otros pa\u00f1ales, adem\u00e1s evita que el pa\u00f1al cuelgue.<\/p>\n","protected":false},"featured_media":1350,"comment_status":"open","ping_status":"closed","template":"","meta":{"om_disable_all_campaigns":false,"_monsterinsights_skip_tracking":false,"_monsterinsights_sitenote_active":false,"_monsterinsights_sitenote_note":"","_monsterinsights_sitenote_category":0},"product_cat":[88,11,9],"product_tag":[],"aioseo_notices":[],"jetpack_sharing_enabled":true,"_links":{"self":[{"href":"https:\/\/www.paenco.cl\/web\/wp-json\/wp\/v2\/product\/1349"}],"collection":[{"href":"https:\/\/www.paenco.cl\/web\/wp-json\/wp\/v2\/product"}],"about":[{"href":"https:\/\/www.paenco.cl\/web\/wp-json\/wp\/v2\/types\/product"}],"replies":[{"embeddable":true,"href":"https:\/\/www.paenco.cl\/web\/wp-json\/wp\/v2\/comments?post=1349"}],"wp:featuredmedia":[{"embeddable":true,"href":"https:\/\/www.paenco.cl\/web\/wp-json\/wp\/v2\/media\/1350"}],"wp:attachment":[{"href":"https:\/\/www.paenco.cl\/web\/wp-json\/wp\/v2\/media?parent=1349"}],"wp:term":[{"taxonomy":"product_cat","embeddable":true,"href":"https:\/\/www.paenco.cl\/web\/wp-json\/wp\/v2\/product_cat?post=1349"},{"taxonomy":"product_tag","embeddable":true,"href":"https:\/\/www.paenco.cl\/web\/wp-json\/wp\/v2\/product_tag?post=1349"}],"curies":[{"name":"wp","href":"https:\/\/api.w.org\/{rel}","templated":true}]}}