{"id":134,"date":"2016-06-08T04:46:02","date_gmt":"2016-06-08T04:46:02","guid":{"rendered":"http:\/\/paenco.cl\/web\/producto\/higieclinjunior8unid\/"},"modified":"2025-07-03T11:22:33","modified_gmt":"2025-07-03T15:22:33","slug":"higieclinjunior8unid","status":"publish","type":"product","link":"https:\/\/www.paenco.cl\/web\/producto\/higieclinjunior8unid\/","title":{"rendered":"Higieclin Junior 10 unids."},"content":{"rendered":"<p>Pa\u00f1al Junior, cintura hasta 100 cms, peso entre <strong>15 a 45 kgs<\/strong>., absorci\u00f3n 1000 c.c. aprox., cintas replegables, elasticado de cuatro filamentos para un mejor ajuste anat\u00f3mico a la pierna, suave tela no tejida, corte anat\u00f3mico elasticado para un mayor ajuste alrededor de la pierna, relleno de celulosa con gel para una mejor absorci\u00f3n, tela no tejida para ayudar a evitar efecto rebalse.<\/p>\n","protected":false},"excerpt":{"rendered":"<ul>\n<li>Para Ni\u00f1os y Adolescentes , entre <strong>15 a 45 kgs<\/strong>.<\/li>\n<li><strong>Cintura hasta 100 cm<\/strong><\/li>\n<li>Anat\u00f3micos y elasticados para un mejor ajuste<\/li>\n<li>Con Gel superabsorbentes<\/li>\n<li>Tela suave no tejida<\/li>\n<li>Absorcion: 1.000 cc. aprox.<\/li>\n<\/ul>\n","protected":false},"featured_media":40383,"comment_status":"closed","ping_status":"closed","template":"","meta":{"om_disable_all_campaigns":false,"_monsterinsights_skip_tracking":false,"_monsterinsights_sitenote_active":false,"_monsterinsights_sitenote_note":"","_monsterinsights_sitenote_category":0},"product_cat":[88,51,16,9,86],"product_tag":[66],"aioseo_notices":[],"jetpack_sharing_enabled":true,"_links":{"self":[{"href":"https:\/\/www.paenco.cl\/web\/wp-json\/wp\/v2\/product\/134"}],"collection":[{"href":"https:\/\/www.paenco.cl\/web\/wp-json\/wp\/v2\/product"}],"about":[{"href":"https:\/\/www.paenco.cl\/web\/wp-json\/wp\/v2\/types\/product"}],"replies":[{"embeddable":true,"href":"https:\/\/www.paenco.cl\/web\/wp-json\/wp\/v2\/comments?post=134"}],"wp:featuredmedia":[{"embeddable":true,"href":"https:\/\/www.paenco.cl\/web\/wp-json\/wp\/v2\/media\/40383"}],"wp:attachment":[{"href":"https:\/\/www.paenco.cl\/web\/wp-json\/wp\/v2\/media?parent=134"}],"wp:term":[{"taxonomy":"product_cat","embeddable":true,"href":"https:\/\/www.paenco.cl\/web\/wp-json\/wp\/v2\/product_cat?post=134"},{"taxonomy":"product_tag","embeddable":true,"href":"https:\/\/www.paenco.cl\/web\/wp-json\/wp\/v2\/product_tag?post=134"}],"curies":[{"name":"wp","href":"https:\/\/api.w.org\/{rel}","templated":true}]}}