{"id":1338,"date":"2019-11-22T17:30:10","date_gmt":"2019-11-22T17:30:10","guid":{"rendered":"https:\/\/www.paenco.cl\/web\/?post_type=product&#038;p=1338"},"modified":"2026-03-31T14:24:12","modified_gmt":"2026-03-31T17:24:12","slug":"emu-baby-premium-talla-xxg-36-unidades","status":"publish","type":"product","link":"https:\/\/www.paenco.cl\/web\/producto\/emu-baby-premium-talla-xxg-36-unidades\/","title":{"rendered":"Emubaby Super Premium talla XXG 34 unids."},"content":{"rendered":"","protected":false},"excerpt":{"rendered":"<p>Emubaby Premium XXG, de + de 14 kg. Son hipoalerg\u00e9nicos, testeados dermatol\u00f3gicamente, se ajustan perfectamente al cuerpo de tu beb\u00e9 con cubierta de algod\u00f3n ultra respirable. Contienen gel ultra absorbente que permite una r\u00e1pida absorci\u00f3n y retenci\u00f3n de l\u00edquidos. Poseen barreras antifiltraciones y cintas elastizadas replegables s\u00faper flexibles.<\/p>\n","protected":false},"featured_media":40574,"comment_status":"closed","ping_status":"closed","template":"","meta":{"om_disable_all_campaigns":false,"_monsterinsights_skip_tracking":false,"_monsterinsights_sitenote_active":false,"_monsterinsights_sitenote_note":"","_monsterinsights_sitenote_category":0},"product_cat":[88,69,70,9],"product_tag":[],"aioseo_notices":[],"jetpack_sharing_enabled":true,"_links":{"self":[{"href":"https:\/\/www.paenco.cl\/web\/wp-json\/wp\/v2\/product\/1338"}],"collection":[{"href":"https:\/\/www.paenco.cl\/web\/wp-json\/wp\/v2\/product"}],"about":[{"href":"https:\/\/www.paenco.cl\/web\/wp-json\/wp\/v2\/types\/product"}],"replies":[{"embeddable":true,"href":"https:\/\/www.paenco.cl\/web\/wp-json\/wp\/v2\/comments?post=1338"}],"wp:featuredmedia":[{"embeddable":true,"href":"https:\/\/www.paenco.cl\/web\/wp-json\/wp\/v2\/media\/40574"}],"wp:attachment":[{"href":"https:\/\/www.paenco.cl\/web\/wp-json\/wp\/v2\/media?parent=1338"}],"wp:term":[{"taxonomy":"product_cat","embeddable":true,"href":"https:\/\/www.paenco.cl\/web\/wp-json\/wp\/v2\/product_cat?post=1338"},{"taxonomy":"product_tag","embeddable":true,"href":"https:\/\/www.paenco.cl\/web\/wp-json\/wp\/v2\/product_tag?post=1338"}],"curies":[{"name":"wp","href":"https:\/\/api.w.org\/{rel}","templated":true}]}}