{"id":1329,"date":"2019-11-22T17:06:08","date_gmt":"2019-11-22T17:06:08","guid":{"rendered":"https:\/\/www.paenco.cl\/web\/?post_type=product&#038;p=1329"},"modified":"2026-03-31T14:09:04","modified_gmt":"2026-03-31T17:09:04","slug":"emu-baby-m","status":"publish","type":"product","link":"https:\/\/www.paenco.cl\/web\/producto\/emu-baby-m\/","title":{"rendered":"Emubaby Super Premium talla M 42 unids."},"content":{"rendered":"","protected":false},"excerpt":{"rendered":"<p>Emubaby Premium M, de 5 a 10 kg. Son hipoalerg\u00e9nicos, testeados dermatol\u00f3gicamente, se ajustan perfectamente al cuerpo de tu beb\u00e9 con cubierta de algod\u00f3n ultra respirable. Contienen gel ultra absorbente que permite una r\u00e1pida absorci\u00f3n y retenci\u00f3n de l\u00edquidos. Poseen barreras anti filtraciones y cintas elastizadas replegables s\u00faper flexibles.<\/p>\n","protected":false},"featured_media":40572,"comment_status":"closed","ping_status":"closed","template":"","meta":{"om_disable_all_campaigns":false,"_monsterinsights_skip_tracking":false,"_monsterinsights_sitenote_active":false,"_monsterinsights_sitenote_note":"","_monsterinsights_sitenote_category":0},"product_cat":[88,69,70,9],"product_tag":[],"aioseo_notices":[],"jetpack_sharing_enabled":true,"_links":{"self":[{"href":"https:\/\/www.paenco.cl\/web\/wp-json\/wp\/v2\/product\/1329"}],"collection":[{"href":"https:\/\/www.paenco.cl\/web\/wp-json\/wp\/v2\/product"}],"about":[{"href":"https:\/\/www.paenco.cl\/web\/wp-json\/wp\/v2\/types\/product"}],"replies":[{"embeddable":true,"href":"https:\/\/www.paenco.cl\/web\/wp-json\/wp\/v2\/comments?post=1329"}],"wp:featuredmedia":[{"embeddable":true,"href":"https:\/\/www.paenco.cl\/web\/wp-json\/wp\/v2\/media\/40572"}],"wp:attachment":[{"href":"https:\/\/www.paenco.cl\/web\/wp-json\/wp\/v2\/media?parent=1329"}],"wp:term":[{"taxonomy":"product_cat","embeddable":true,"href":"https:\/\/www.paenco.cl\/web\/wp-json\/wp\/v2\/product_cat?post=1329"},{"taxonomy":"product_tag","embeddable":true,"href":"https:\/\/www.paenco.cl\/web\/wp-json\/wp\/v2\/product_tag?post=1329"}],"curies":[{"name":"wp","href":"https:\/\/api.w.org\/{rel}","templated":true}]}}