{"id":1318,"date":"2019-11-22T15:44:27","date_gmt":"2019-11-22T15:44:27","guid":{"rendered":"https:\/\/www.paenco.cl\/web\/?post_type=product&#038;p=1318"},"modified":"2024-07-27T10:42:11","modified_gmt":"2024-07-27T14:42:11","slug":"huggies-natural-care-talla-recien-nacido-20-unidades","status":"publish","type":"product","link":"https:\/\/www.paenco.cl\/web\/producto\/huggies-natural-care-talla-recien-nacido-20-unidades\/","title":{"rendered":"Huggies Natural Care talla Reci\u00e9n Nacido 20 unids."},"content":{"rendered":"","protected":false},"excerpt":{"rendered":"<p>Huggies Reci\u00e9n Nacido para bebes de hasta 4 Kg.\u00a0 Es un pa\u00f1al especialmente dise\u00f1ado para los primeros 100 d\u00edas de tu beb\u00e9, con materiales extra suaves y esponjocitos, que mantienen el PH natural de las pieles m\u00e1s sensibles y delicadas, livianos y con cintas velcro que permiten revisar y ajustar cuantas veces quieras el pa\u00f1al, adem\u00e1s cuenta con burbujita.<\/p>\n","protected":false},"featured_media":40229,"comment_status":"open","ping_status":"closed","template":"","meta":{"om_disable_all_campaigns":false,"_monsterinsights_skip_tracking":false,"_monsterinsights_sitenote_active":false,"_monsterinsights_sitenote_note":"","_monsterinsights_sitenote_category":0},"product_cat":[88,10,9],"product_tag":[],"aioseo_notices":[],"jetpack_sharing_enabled":true,"_links":{"self":[{"href":"https:\/\/www.paenco.cl\/web\/wp-json\/wp\/v2\/product\/1318"}],"collection":[{"href":"https:\/\/www.paenco.cl\/web\/wp-json\/wp\/v2\/product"}],"about":[{"href":"https:\/\/www.paenco.cl\/web\/wp-json\/wp\/v2\/types\/product"}],"replies":[{"embeddable":true,"href":"https:\/\/www.paenco.cl\/web\/wp-json\/wp\/v2\/comments?post=1318"}],"wp:featuredmedia":[{"embeddable":true,"href":"https:\/\/www.paenco.cl\/web\/wp-json\/wp\/v2\/media\/40229"}],"wp:attachment":[{"href":"https:\/\/www.paenco.cl\/web\/wp-json\/wp\/v2\/media?parent=1318"}],"wp:term":[{"taxonomy":"product_cat","embeddable":true,"href":"https:\/\/www.paenco.cl\/web\/wp-json\/wp\/v2\/product_cat?post=1318"},{"taxonomy":"product_tag","embeddable":true,"href":"https:\/\/www.paenco.cl\/web\/wp-json\/wp\/v2\/product_tag?post=1318"}],"curies":[{"name":"wp","href":"https:\/\/api.w.org\/{rel}","templated":true}]}}