{"id":1316,"date":"2019-11-22T15:39:09","date_gmt":"2019-11-22T15:39:09","guid":{"rendered":"https:\/\/www.paenco.cl\/web\/?post_type=product&#038;p=1316"},"modified":"2024-07-27T10:50:40","modified_gmt":"2024-07-27T14:50:40","slug":"huggies-natura-care-talla-p-40-unidades","status":"publish","type":"product","link":"https:\/\/www.paenco.cl\/web\/producto\/huggies-natura-care-talla-p-40-unidades\/","title":{"rendered":"Huggies Natural Care talla P 34 unids."},"content":{"rendered":"","protected":false},"excerpt":{"rendered":"<p>Huggies Peque\u00f1o desde 3,5 a 6 Kg. Pa\u00f1al especialmente dise\u00f1ado para los primeros 100 d\u00edas de tu beb\u00e9, con materiales extra suaves y esponjocitos, que mantienen el PH natural de las pieles m\u00e1s sensibles y delicadas, livianos y con cintas velcro que permiten revisar y ajustar cuantas veces quieras el pa\u00f1al, adem\u00e1s cuenta con burbujitas suaves que absorben y alejan la caquita l\u00edquida<\/p>\n","protected":false},"featured_media":1469,"comment_status":"open","ping_status":"closed","template":"","meta":{"om_disable_all_campaigns":false,"_monsterinsights_skip_tracking":false,"_monsterinsights_sitenote_active":false,"_monsterinsights_sitenote_note":"","_monsterinsights_sitenote_category":0},"product_cat":[88,10,9],"product_tag":[],"aioseo_notices":[],"jetpack_sharing_enabled":true,"_links":{"self":[{"href":"https:\/\/www.paenco.cl\/web\/wp-json\/wp\/v2\/product\/1316"}],"collection":[{"href":"https:\/\/www.paenco.cl\/web\/wp-json\/wp\/v2\/product"}],"about":[{"href":"https:\/\/www.paenco.cl\/web\/wp-json\/wp\/v2\/types\/product"}],"replies":[{"embeddable":true,"href":"https:\/\/www.paenco.cl\/web\/wp-json\/wp\/v2\/comments?post=1316"}],"wp:featuredmedia":[{"embeddable":true,"href":"https:\/\/www.paenco.cl\/web\/wp-json\/wp\/v2\/media\/1469"}],"wp:attachment":[{"href":"https:\/\/www.paenco.cl\/web\/wp-json\/wp\/v2\/media?parent=1316"}],"wp:term":[{"taxonomy":"product_cat","embeddable":true,"href":"https:\/\/www.paenco.cl\/web\/wp-json\/wp\/v2\/product_cat?post=1316"},{"taxonomy":"product_tag","embeddable":true,"href":"https:\/\/www.paenco.cl\/web\/wp-json\/wp\/v2\/product_tag?post=1316"}],"curies":[{"name":"wp","href":"https:\/\/api.w.org\/{rel}","templated":true}]}}