{"id":1310,"date":"2019-11-22T15:20:11","date_gmt":"2019-11-22T15:20:11","guid":{"rendered":"https:\/\/www.paenco.cl\/web\/?post_type=product&#038;p=1310"},"modified":"2024-07-27T11:44:01","modified_gmt":"2024-07-27T15:44:01","slug":"huggies-active-sec-talla-g-20-unidades","status":"publish","type":"product","link":"https:\/\/www.paenco.cl\/web\/producto\/huggies-active-sec-talla-g-20-unidades\/","title":{"rendered":"Huggies Active Sec talla G 16 unids."},"content":{"rendered":"","protected":false},"excerpt":{"rendered":"<p>Huggies Active Sec Toy Story, de 9 a 12,5 Kg. M\u00e1s seco por mas tiempo con tecnolog\u00eda Maxisec, hasta por 12 horas. Cuenta con ajuste duradero (D\u00fao Velcro) para que est\u00e9n siempre como reci\u00e9n puestos, adem\u00e1s se presenta para todos los beb\u00e9s de manera Unisex incorporando a los personajes de Toy Story.<\/p>\n","protected":false},"featured_media":0,"comment_status":"open","ping_status":"closed","template":"","meta":{"om_disable_all_campaigns":false,"_monsterinsights_skip_tracking":false,"_monsterinsights_sitenote_active":false,"_monsterinsights_sitenote_note":"","_monsterinsights_sitenote_category":0},"product_cat":[88,10,9],"product_tag":[],"aioseo_notices":[],"jetpack_sharing_enabled":true,"_links":{"self":[{"href":"https:\/\/www.paenco.cl\/web\/wp-json\/wp\/v2\/product\/1310"}],"collection":[{"href":"https:\/\/www.paenco.cl\/web\/wp-json\/wp\/v2\/product"}],"about":[{"href":"https:\/\/www.paenco.cl\/web\/wp-json\/wp\/v2\/types\/product"}],"replies":[{"embeddable":true,"href":"https:\/\/www.paenco.cl\/web\/wp-json\/wp\/v2\/comments?post=1310"}],"wp:attachment":[{"href":"https:\/\/www.paenco.cl\/web\/wp-json\/wp\/v2\/media?parent=1310"}],"wp:term":[{"taxonomy":"product_cat","embeddable":true,"href":"https:\/\/www.paenco.cl\/web\/wp-json\/wp\/v2\/product_cat?post=1310"},{"taxonomy":"product_tag","embeddable":true,"href":"https:\/\/www.paenco.cl\/web\/wp-json\/wp\/v2\/product_tag?post=1310"}],"curies":[{"name":"wp","href":"https:\/\/api.w.org\/{rel}","templated":true}]}}