{"id":1296,"date":"2019-11-21T20:35:33","date_gmt":"2019-11-21T20:35:33","guid":{"rendered":"https:\/\/www.paenco.cl\/web\/?post_type=product&#038;p=1296"},"modified":"2025-11-06T17:59:55","modified_gmt":"2025-11-06T20:59:55","slug":"babysec-premium-talla-xg-16-unidades","status":"publish","type":"product","link":"https:\/\/www.paenco.cl\/web\/producto\/babysec-premium-talla-xg-16-unidades\/","title":{"rendered":"Babysec Premium talla XG 14 unids. ( $243 x un )"},"content":{"rendered":"","protected":false},"excerpt":{"rendered":"<p>Babysec Premium XG, de 11 a 14 Kg. Le entrega a tu guagua hasta 12 horas de absorci\u00f3n con sistema Super Lock, que ayuda a prevenir el escurrimiento de l\u00edquidos y semil\u00edquidos manteniendo la piel de tu beb\u00e9 seca y saludable por m\u00e1s tiempo. Adem\u00e1s posee cintura elastizada m\u00e1s alta, permite un ajuste c\u00f3modo al cuerpo de tu bebe.<\/p>\n<p>Precio unitario $ 243<\/p>\n","protected":false},"featured_media":40536,"comment_status":"open","ping_status":"closed","template":"","meta":{"om_disable_all_campaigns":false,"_monsterinsights_skip_tracking":false,"_monsterinsights_sitenote_active":false,"_monsterinsights_sitenote_note":"","_monsterinsights_sitenote_category":0},"product_cat":[12,9],"product_tag":[],"aioseo_notices":[],"jetpack_sharing_enabled":true,"_links":{"self":[{"href":"https:\/\/www.paenco.cl\/web\/wp-json\/wp\/v2\/product\/1296"}],"collection":[{"href":"https:\/\/www.paenco.cl\/web\/wp-json\/wp\/v2\/product"}],"about":[{"href":"https:\/\/www.paenco.cl\/web\/wp-json\/wp\/v2\/types\/product"}],"replies":[{"embeddable":true,"href":"https:\/\/www.paenco.cl\/web\/wp-json\/wp\/v2\/comments?post=1296"}],"wp:featuredmedia":[{"embeddable":true,"href":"https:\/\/www.paenco.cl\/web\/wp-json\/wp\/v2\/media\/40536"}],"wp:attachment":[{"href":"https:\/\/www.paenco.cl\/web\/wp-json\/wp\/v2\/media?parent=1296"}],"wp:term":[{"taxonomy":"product_cat","embeddable":true,"href":"https:\/\/www.paenco.cl\/web\/wp-json\/wp\/v2\/product_cat?post=1296"},{"taxonomy":"product_tag","embeddable":true,"href":"https:\/\/www.paenco.cl\/web\/wp-json\/wp\/v2\/product_tag?post=1296"}],"curies":[{"name":"wp","href":"https:\/\/api.w.org\/{rel}","templated":true}]}}