{"id":23,"date":"2016-06-01T01:25:12","date_gmt":"2016-06-01T01:25:12","guid":{"rendered":"http:\/\/paenco.cl\/web\/carro\/"},"modified":"2025-01-28T14:24:49","modified_gmt":"2025-01-28T17:24:49","slug":"carro","status":"publish","type":"page","link":"https:\/\/www.paenco.cl\/web\/carro\/","title":{"rendered":"Carrito &#8211; De ser necesario recuerde agregar DELIVERY , ( en barra superior )  A regiones, se realizan env\u00edos v\u00eda Starken, por pagar en sucursal. No se realizan cambios de mercader\u00eda ni devoluci\u00f3n de dinero."},"content":{"rendered":"\n<p><\/p>\n\n\n\n<p><\/p>\n\n\n\n<p><\/p>\n\n\n\n<p><\/p>\n\n\n\n<p><\/p>\n\n\n\n<p><\/p>\n\n\n\n<p><\/p>\n\n\n\n<p><\/p>\n\n\n\n\n\n<p><\/p>\n","protected":false},"excerpt":{"rendered":"","protected":false},"author":356,"featured_media":0,"parent":0,"menu_order":0,"comment_status":"closed","ping_status":"closed","template":"","meta":{"om_disable_all_campaigns":false,"_monsterinsights_skip_tracking":false,"_monsterinsights_sitenote_active":false,"_monsterinsights_sitenote_note":"","_monsterinsights_sitenote_category":0,"footnotes":""},"aioseo_notices":[],"jetpack_sharing_enabled":true,"_links":{"self":[{"href":"https:\/\/www.paenco.cl\/web\/wp-json\/wp\/v2\/pages\/23"}],"collection":[{"href":"https:\/\/www.paenco.cl\/web\/wp-json\/wp\/v2\/pages"}],"about":[{"href":"https:\/\/www.paenco.cl\/web\/wp-json\/wp\/v2\/types\/page"}],"author":[{"embeddable":true,"href":"https:\/\/www.paenco.cl\/web\/wp-json\/wp\/v2\/users\/356"}],"replies":[{"embeddable":true,"href":"https:\/\/www.paenco.cl\/web\/wp-json\/wp\/v2\/comments?post=23"}],"version-history":[{"count":33,"href":"https:\/\/www.paenco.cl\/web\/wp-json\/wp\/v2\/pages\/23\/revisions"}],"predecessor-version":[{"id":40401,"href":"https:\/\/www.paenco.cl\/web\/wp-json\/wp\/v2\/pages\/23\/revisions\/40401"}],"wp:attachment":[{"href":"https:\/\/www.paenco.cl\/web\/wp-json\/wp\/v2\/media?parent=23"}],"curies":[{"name":"wp","href":"https:\/\/api.w.org\/{rel}","templated":true}]}}